{"id":3608,"date":"2022-11-10T11:59:15","date_gmt":"2022-11-10T10:59:15","guid":{"rendered":"https:\/\/e-xact.de\/?post_type=product&#038;p=3608"},"modified":"2023-10-09T11:57:02","modified_gmt":"2023-10-09T09:57:02","slug":"mikrofaser-smartphone-tablet-tasche","status":"publish","type":"product","link":"https:\/\/e-xact.de\/fr\/produit\/mikrofaser-smartphone-tablet-tasche\/","title":{"rendered":"Housse en microfibre pour smartphone\/tablette"},"content":{"rendered":"<table width=\"714\">\n<tbody>\n<tr>\n<td width=\"714\">La housse en microfibre pour smartphone\/tablette est le lieu de rangement id\u00e9al pour votre tablette, phablette ou grand smartphone et donc l'objet publicitaire id\u00e9al pour les marques technophiles. Doux gr\u00e2ce \u00e0 la microfibre souple, l'\u00e9tui prot\u00e8ge au quotidien contre les influences ext\u00e9rieures et constitue ainsi un objet publicitaire utile qui peut \u00eatre imprim\u00e9 en qualit\u00e9 photo sur toute la face ext\u00e9rieure.<\/td>\n<\/tr>\n<\/tbody>\n<\/table>","protected":false},"excerpt":{"rendered":"<p>La housse en microfibre pour smartphone\/tablette est le lieu de rangement id\u00e9al pour votre tablette, phablette ou grand smartphone et donc l'objet publicitaire id\u00e9al pour les marques technophiles. Doux gr\u00e2ce \u00e0 la microfibre souple, l'\u00e9tui prot\u00e8ge au quotidien contre les influences ext\u00e9rieures et constitue ainsi un objet publicitaire utile qui peut \u00eatre imprim\u00e9 en qualit\u00e9 photo sur toute la face ext\u00e9rieure.<\/p>","protected":false},"featured_media":3605,"template":"","meta":{"_et_pb_use_builder":"","_et_pb_old_content":"","_et_gb_content_width":""},"product_brand":[],"product_cat":[208],"product_tag":[1216,819,1214,1219,818,1218,1213,1215,827,1217,622,808,830],"class_list":{"0":"post-3608","1":"product","2":"type-product","3":"status-publish","4":"has-post-thumbnail","6":"product_cat-mikrofaserwelt","7":"product_tag-bag-2","8":"product_tag-basketball","9":"product_tag-digital-camera-2","10":"product_tag-football-2","11":"product_tag-handball","12":"product_tag-jersey-2","13":"product_tag-microfiber-2","14":"product_tag-mobile-phone-2","15":"product_tag-phablet","16":"product_tag-sachet-2","17":"product_tag-smartphone","18":"product_tag-tablet","19":"product_tag-volleyball","21":"first","22":"instock","23":"shipping-taxable","24":"product-type-simple"},"_links":{"self":[{"href":"https:\/\/e-xact.de\/fr\/wp-json\/wp\/v2\/product\/3608","targetHints":{"allow":["GET"]}}],"collection":[{"href":"https:\/\/e-xact.de\/fr\/wp-json\/wp\/v2\/product"}],"about":[{"href":"https:\/\/e-xact.de\/fr\/wp-json\/wp\/v2\/types\/product"}],"wp:featuredmedia":[{"embeddable":true,"href":"https:\/\/e-xact.de\/fr\/wp-json\/wp\/v2\/media\/3605"}],"wp:attachment":[{"href":"https:\/\/e-xact.de\/fr\/wp-json\/wp\/v2\/media?parent=3608"}],"wp:term":[{"taxonomy":"product_brand","embeddable":true,"href":"https:\/\/e-xact.de\/fr\/wp-json\/wp\/v2\/product_brand?post=3608"},{"taxonomy":"product_cat","embeddable":true,"href":"https:\/\/e-xact.de\/fr\/wp-json\/wp\/v2\/product_cat?post=3608"},{"taxonomy":"product_tag","embeddable":true,"href":"https:\/\/e-xact.de\/fr\/wp-json\/wp\/v2\/product_tag?post=3608"}],"curies":[{"name":"wp","href":"https:\/\/api.w.org\/{rel}","templated":true}]}}