{"id":3561,"date":"2023-01-03T15:15:08","date_gmt":"2023-01-03T14:15:08","guid":{"rendered":"https:\/\/e-xact.de\/produkt\/exact-klappwuerfel-gross\/"},"modified":"2025-12-11T12:42:05","modified_gmt":"2025-12-11T11:42:05","slug":"exact-klappwuerfel-gross","status":"publish","type":"product","link":"https:\/\/e-xact.de\/fr\/produit\/exact-klappwuerfel-gross\/","title":{"rendered":"e!xact cube pliable 7cm"},"content":{"rendered":"<p>Le cube pliable dispose de 6 faces ext\u00e9rieures carr\u00e9es et de 3 grandes faces int\u00e9rieures rectangulaires. Vous pouvez \u00e9galement le produire sous forme de calendrier. La mise en page est alors r\u00e9partie sur 12 faces carr\u00e9es. Ce cube est particuli\u00e8rement adapt\u00e9 aux campagnes publicitaires qui n\u00e9cessitent des explications. Il offre une surface particuli\u00e8rement grande pour pr\u00e9senter votre produit ou votre service. Disponible \u00e9galement en plastique recycl\u00e9 !<\/p>","protected":false},"excerpt":{"rendered":"<p>Bei dem Klappw\u00fcrfel stehen Ihnen 6 quadratische Au\u00dfenseiten und 3 gro\u00dfe rechteckige Innenseiten zur Verf\u00fcgung. Sie k\u00f6nnen Ihn auch als Kalender produzieren. Das Layout wird dann auf 12 quadratischer Fl\u00e4chen aufgeteilt. Dieser W\u00fcrfel ist besonders geeignet f\u00fcr Werbekampagnen, die besonders erkl\u00e4rungsbed\u00fcrftig sind. Er bietet besonders viel Fl\u00e4che um ihr Produkt oder Ihre Dienstleistung darzustellen. Auch [&hellip;]<\/p>\n","protected":false},"featured_media":4586,"template":"","meta":{"_et_pb_use_builder":"","_et_pb_old_content":"","_et_gb_content_width":""},"product_brand":[],"product_cat":[207],"product_tag":[1398,719,751,547,750,733,737,732,725,1399,650],"class_list":{"0":"post-3561","1":"product","2":"type-product","3":"status-publish","4":"has-post-thumbnail","6":"product_cat-wuerfelwelt","7":"product_tag-broschuere","8":"product_tag-cube","9":"product_tag-faltwerk","10":"product_tag-kalender","11":"product_tag-klappwuerfel","12":"product_tag-komplex","13":"product_tag-kreativitaet","14":"product_tag-loesung","15":"product_tag-magic-cube","16":"product_tag-storybook","17":"product_tag-wuerfel","19":"first","20":"instock","21":"shipping-taxable","22":"product-type-simple"},"_links":{"self":[{"href":"https:\/\/e-xact.de\/fr\/wp-json\/wp\/v2\/product\/3561","targetHints":{"allow":["GET"]}}],"collection":[{"href":"https:\/\/e-xact.de\/fr\/wp-json\/wp\/v2\/product"}],"about":[{"href":"https:\/\/e-xact.de\/fr\/wp-json\/wp\/v2\/types\/product"}],"wp:featuredmedia":[{"embeddable":true,"href":"https:\/\/e-xact.de\/fr\/wp-json\/wp\/v2\/media\/4586"}],"wp:attachment":[{"href":"https:\/\/e-xact.de\/fr\/wp-json\/wp\/v2\/media?parent=3561"}],"wp:term":[{"taxonomy":"product_brand","embeddable":true,"href":"https:\/\/e-xact.de\/fr\/wp-json\/wp\/v2\/product_brand?post=3561"},{"taxonomy":"product_cat","embeddable":true,"href":"https:\/\/e-xact.de\/fr\/wp-json\/wp\/v2\/product_cat?post=3561"},{"taxonomy":"product_tag","embeddable":true,"href":"https:\/\/e-xact.de\/fr\/wp-json\/wp\/v2\/product_tag?post=3561"}],"curies":[{"name":"wp","href":"https:\/\/api.w.org\/{rel}","templated":true}]}}