{"id":3527,"date":"2022-11-10T11:33:19","date_gmt":"2022-11-10T10:33:19","guid":{"rendered":"https:\/\/e-xact.de\/produkt\/mikrofasersporthandtuch\/"},"modified":"2025-12-04T13:44:40","modified_gmt":"2025-12-04T12:44:40","slug":"mikrofasersporthandtuch","status":"publish","type":"product","link":"https:\/\/e-xact.de\/fr\/produit\/mikrofasersporthandtuch\/","title":{"rendered":"Serviette de sport en microfibre"},"content":{"rendered":"<p>La serviette de sport se range sans prendre de place dans le sac de sport, le sac \u00e0 dos ou la valise. C'est un compagnon indispensable pour tous les sports et activit\u00e9s de plein air comme la randonn\u00e9e, l'escalade, l'alpinisme, le cyclisme et, bien s\u00fbr, pour tous les types de course \u00e0 pied et la salle de sport. La structure fine du tissu garantit une bonne adh\u00e9rence, absorbe tr\u00e8s bien l'humidit\u00e9 et s\u00e8che \u00e9galement rapidement. C'est votre \u201ebanni\u00e8re publicitaire\u201c en qualit\u00e9 photo avec une \u00e9norme surface publicitaire de 30 x 90 cm. La serviette de sport en microfibres est tr\u00e8s l\u00e9g\u00e8re (moins de 50 g) et se plie facilement, ce qui permet de l'utiliser comme article de mailing.<\/p>","protected":false},"excerpt":{"rendered":"<p>Das Sporthandtuch l\u00e4sst sich platzsparend in der Sporttasche, dem Rucksack oder dem Koffer verstauen. Es ist ein unverzichtbarer Begleiter bei allen Sportarten und Outdooraktivit\u00e4ten wie Wandern, Klettern, Bergsteigen, Fahrradfahren und nat\u00fcrlich auch bei jeder Art von Laufsport und im Fitnessstudio. Die feine Gewebestruktur gew\u00e4hrleistet eine gute Griffigkeit, nimmt Feuchtigkeit sehr gut auf und trocknet auch [&hellip;]<\/p>\n","protected":false},"featured_media":3526,"template":"","meta":{"_et_pb_use_builder":"","_et_pb_old_content":"","_et_gb_content_width":""},"product_brand":[],"product_cat":[208],"product_tag":[824,819,820,826,543,818,817,821,822,823,825,804,546],"class_list":{"0":"post-3527","1":"product","2":"type-product","3":"status-publish","4":"has-post-thumbnail","6":"product_cat-mikrofaserwelt","7":"product_tag-ausdauersport","8":"product_tag-basketball","9":"product_tag-finess","10":"product_tag-fitnessstudio","11":"product_tag-fussball","12":"product_tag-handball","13":"product_tag-handtuch","14":"product_tag-joggen","15":"product_tag-jogging","16":"product_tag-kraftsport","17":"product_tag-laufen","18":"product_tag-mikrofaser","19":"product_tag-sport","21":"first","22":"instock","23":"shipping-taxable","24":"product-type-simple"},"_links":{"self":[{"href":"https:\/\/e-xact.de\/fr\/wp-json\/wp\/v2\/product\/3527","targetHints":{"allow":["GET"]}}],"collection":[{"href":"https:\/\/e-xact.de\/fr\/wp-json\/wp\/v2\/product"}],"about":[{"href":"https:\/\/e-xact.de\/fr\/wp-json\/wp\/v2\/types\/product"}],"wp:featuredmedia":[{"embeddable":true,"href":"https:\/\/e-xact.de\/fr\/wp-json\/wp\/v2\/media\/3526"}],"wp:attachment":[{"href":"https:\/\/e-xact.de\/fr\/wp-json\/wp\/v2\/media?parent=3527"}],"wp:term":[{"taxonomy":"product_brand","embeddable":true,"href":"https:\/\/e-xact.de\/fr\/wp-json\/wp\/v2\/product_brand?post=3527"},{"taxonomy":"product_cat","embeddable":true,"href":"https:\/\/e-xact.de\/fr\/wp-json\/wp\/v2\/product_cat?post=3527"},{"taxonomy":"product_tag","embeddable":true,"href":"https:\/\/e-xact.de\/fr\/wp-json\/wp\/v2\/product_tag?post=3527"}],"curies":[{"name":"wp","href":"https:\/\/api.w.org\/{rel}","templated":true}]}}