{"id":3523,"date":"2022-11-10T11:27:08","date_gmt":"2022-11-10T10:27:08","guid":{"rendered":"https:\/\/e-xact.de\/produkt\/mikrofaser-taschenspiegel\/"},"modified":"2025-12-04T13:47:06","modified_gmt":"2025-12-04T12:47:06","slug":"mikrofaser-taschenspiegel","status":"publish","type":"product","link":"https:\/\/e-xact.de\/fr\/produit\/mikrofaser-taschenspiegel\/","title":{"rendered":"Miroir de poche en microfibre"},"content":{"rendered":"<p>Ce miroir de poche est agr\u00e9able \u00e0 tenir en main gr\u00e2ce \u00e0 son rev\u00eatement en microfibre douce et peut \u00eatre d\u00e9cor\u00e9 sur les deux faces ext\u00e9rieures avec une impression photo de haute qualit\u00e9 selon vos souhaits. Des miroirs se trouvent sur les deux faces int\u00e9rieures. Que vous l'appeliez miroir cosm\u00e9tique, miroir de maquillage, miroir de styling, miroir de sac \u00e0 main, miroir de voyage, miroir \u00e0 main ou miroir de coiffure : ce \u201eStyler\", compagnon durable, est toujours en route avec vos clients et assure ainsi un grand nombre de contacts publicitaires.<\/p>","protected":false},"excerpt":{"rendered":"<p>Dieser Taschenspiegel liegt mit seinem Bezug aus weicher Mikrofaser angenehm in der Hand und kann auf beiden Au\u00dfenseiten mit hochwertigem Fotodruck nach Ihrem Wunsch veredelt werden. Auf beiden Innenseiten befinden sich Spiegel. Egal ob Sie ihn Kosmetikspiegel, Make-up Spiegel, Styling-Spiegel, Handtaschenspiegel, Reisespiegel, Handspiegel oder Frisierspiegel nennen: dieser \u201eStyler ist als dauerhaften Begleiter immer mit Ihrem [&hellip;]<\/p>\n","protected":false},"featured_media":3522,"template":"","meta":{"_et_pb_use_builder":"","_et_pb_old_content":"","_et_gb_content_width":""},"product_brand":[],"product_cat":[208],"product_tag":[800,801,799,802,803,693,694,575],"class_list":{"0":"post-3523","1":"product","2":"type-product","3":"status-publish","4":"has-post-thumbnail","6":"product_cat-mikrofaserwelt","7":"product_tag-damen","8":"product_tag-frauen","9":"product_tag-handtasche","10":"product_tag-kosmetik","11":"product_tag-parfuem","12":"product_tag-reisen","13":"product_tag-tasche","14":"product_tag-unterwegs","16":"first","17":"instock","18":"shipping-taxable","19":"product-type-simple"},"_links":{"self":[{"href":"https:\/\/e-xact.de\/fr\/wp-json\/wp\/v2\/product\/3523","targetHints":{"allow":["GET"]}}],"collection":[{"href":"https:\/\/e-xact.de\/fr\/wp-json\/wp\/v2\/product"}],"about":[{"href":"https:\/\/e-xact.de\/fr\/wp-json\/wp\/v2\/types\/product"}],"wp:featuredmedia":[{"embeddable":true,"href":"https:\/\/e-xact.de\/fr\/wp-json\/wp\/v2\/media\/3522"}],"wp:attachment":[{"href":"https:\/\/e-xact.de\/fr\/wp-json\/wp\/v2\/media?parent=3523"}],"wp:term":[{"taxonomy":"product_brand","embeddable":true,"href":"https:\/\/e-xact.de\/fr\/wp-json\/wp\/v2\/product_brand?post=3523"},{"taxonomy":"product_cat","embeddable":true,"href":"https:\/\/e-xact.de\/fr\/wp-json\/wp\/v2\/product_cat?post=3523"},{"taxonomy":"product_tag","embeddable":true,"href":"https:\/\/e-xact.de\/fr\/wp-json\/wp\/v2\/product_tag?post=3523"}],"curies":[{"name":"wp","href":"https:\/\/api.w.org\/{rel}","templated":true}]}}