{"id":3521,"date":"2022-11-10T12:33:03","date_gmt":"2022-11-10T11:33:03","guid":{"rendered":"https:\/\/e-xact.de\/produkt\/mikrofaser-augenmaske\/"},"modified":"2025-12-04T13:58:25","modified_gmt":"2025-12-04T12:58:25","slug":"mikrofaser-augenmaske","status":"publish","type":"product","link":"https:\/\/e-xact.de\/fr\/produit\/mikrofaser-augenmaske\/","title":{"rendered":"Masque oculaire en microfibre"},"content":{"rendered":"<p>Masque pour les yeux en microfibre pour dormir ou tout simplement pour se d\u00e9tendre. L'impression est r\u00e9alis\u00e9e par impression num\u00e9rique sur toute la surface en qualit\u00e9 photo. Un objet publicitaire id\u00e9al pour que vos clients pensent \u00e0 votre entreprise m\u00eame pendant leurs loisirs ou leurs vacances.<\/p>","protected":false},"excerpt":{"rendered":"<p>Masque pour les yeux en microfibre pour dormir ou tout simplement pour se d\u00e9tendre. L'impression est r\u00e9alis\u00e9e par impression num\u00e9rique sur toute la surface en qualit\u00e9 photo. Un objet publicitaire id\u00e9al pour que vos clients pensent \u00e0 votre entreprise m\u00eame pendant leurs loisirs ou leurs vacances.<\/p>","protected":false},"featured_media":4639,"template":"","meta":{"_et_pb_use_builder":"","_et_pb_old_content":"","_et_gb_content_width":""},"product_brand":[],"product_cat":[208],"product_tag":[796,794,797,798,693,795,575],"class_list":{"0":"post-3521","1":"product","2":"type-product","3":"status-publish","4":"has-post-thumbnail","6":"product_cat-mikrofaserwelt","7":"product_tag-entspannen","8":"product_tag-erholung","9":"product_tag-kosmetikartikel","10":"product_tag-pflege","11":"product_tag-reisen","12":"product_tag-schlaf","13":"product_tag-unterwegs","15":"first","16":"instock","17":"shipping-taxable","18":"product-type-simple"},"_links":{"self":[{"href":"https:\/\/e-xact.de\/fr\/wp-json\/wp\/v2\/product\/3521","targetHints":{"allow":["GET"]}}],"collection":[{"href":"https:\/\/e-xact.de\/fr\/wp-json\/wp\/v2\/product"}],"about":[{"href":"https:\/\/e-xact.de\/fr\/wp-json\/wp\/v2\/types\/product"}],"wp:featuredmedia":[{"embeddable":true,"href":"https:\/\/e-xact.de\/fr\/wp-json\/wp\/v2\/media\/4639"}],"wp:attachment":[{"href":"https:\/\/e-xact.de\/fr\/wp-json\/wp\/v2\/media?parent=3521"}],"wp:term":[{"taxonomy":"product_brand","embeddable":true,"href":"https:\/\/e-xact.de\/fr\/wp-json\/wp\/v2\/product_brand?post=3521"},{"taxonomy":"product_cat","embeddable":true,"href":"https:\/\/e-xact.de\/fr\/wp-json\/wp\/v2\/product_cat?post=3521"},{"taxonomy":"product_tag","embeddable":true,"href":"https:\/\/e-xact.de\/fr\/wp-json\/wp\/v2\/product_tag?post=3521"}],"curies":[{"name":"wp","href":"https:\/\/api.w.org\/{rel}","templated":true}]}}