{"id":3519,"date":"2022-11-10T12:30:58","date_gmt":"2022-11-10T11:30:58","guid":{"rendered":"https:\/\/e-xact.de\/produkt\/mikrofasertuch\/"},"modified":"2025-12-04T13:59:42","modified_gmt":"2025-12-04T12:59:42","slug":"mikrofasertuch","status":"publish","type":"product","link":"https:\/\/e-xact.de\/fr\/produit\/mikrofasertuch\/","title":{"rendered":"Chiffon en microfibre \/ chiffon pour nettoyer les lunettes"},"content":{"rendered":"<p>Le chiffon en microfibres est de qualit\u00e9 cor\u00e9enne sup\u00e9rieure avec TM260g et constitue ainsi un cadeau publicitaire pour les d\u00e9placements, qui peut aussi \u00eatre envoy\u00e9 id\u00e9alement par mailing \u00e0 un prix d'affranchissement avantageux. Id\u00e9al pour nettoyer les lunettes, le t\u00e9l\u00e9phone portable, les bijoux, l'ordinateur portable, les \u00e9crans d'ordinateur, les \u00e9crans de toutes sortes et bien plus encore. Possible comme article promotionnel dans tous les formats et toutes les tailles. Le chiffon en microfibres est imprim\u00e9 num\u00e9riquement en qualit\u00e9 photo. En option, moyennant un suppl\u00e9ment, avec des points de silicone au dos ! Ceux-ci assurent une meilleure tenue lors de la manipulation et sur le bureau comme tapis de souris ou comme \u00e9conomiseur d'\u00e9cran pour l'ordinateur portable. <\/p>","protected":false},"excerpt":{"rendered":"<p>Das Mikrofasertuch ist aus hochwertiger koreanischer Qualit\u00e4t mit TM260g und somit ein Werbegeschenk f\u00fcr unterwegs, welches auch ideal als Mailing portog\u00fcnstig verschickt werden kann. Ideal als Brillenputztuch, Handyputztuch, f\u00fcr Schmuck, als Einleger f\u00fcr den Laptop, Reinigungstuch f\u00fcr Computerdisplays, Displays aller Art und mehr. Als Werbeartikel in allen Formaten und Gr\u00f6\u00dfen m\u00f6glich. Das Mikrofasertuch wird digital [&hellip;]<\/p>\n","protected":false},"featured_media":3518,"template":"","meta":{"_et_pb_use_builder":"","_et_pb_old_content":"","_et_gb_content_width":""},"product_brand":[],"product_cat":[208],"product_tag":[790,791],"class_list":{"0":"post-3519","1":"product","2":"type-product","3":"status-publish","4":"has-post-thumbnail","6":"product_cat-mikrofaserwelt","7":"product_tag-brillenputztuch","8":"product_tag-mirkofaser","10":"first","11":"instock","12":"shipping-taxable","13":"product-type-simple"},"_links":{"self":[{"href":"https:\/\/e-xact.de\/fr\/wp-json\/wp\/v2\/product\/3519","targetHints":{"allow":["GET"]}}],"collection":[{"href":"https:\/\/e-xact.de\/fr\/wp-json\/wp\/v2\/product"}],"about":[{"href":"https:\/\/e-xact.de\/fr\/wp-json\/wp\/v2\/types\/product"}],"wp:featuredmedia":[{"embeddable":true,"href":"https:\/\/e-xact.de\/fr\/wp-json\/wp\/v2\/media\/3518"}],"wp:attachment":[{"href":"https:\/\/e-xact.de\/fr\/wp-json\/wp\/v2\/media?parent=3519"}],"wp:term":[{"taxonomy":"product_brand","embeddable":true,"href":"https:\/\/e-xact.de\/fr\/wp-json\/wp\/v2\/product_brand?post=3519"},{"taxonomy":"product_cat","embeddable":true,"href":"https:\/\/e-xact.de\/fr\/wp-json\/wp\/v2\/product_cat?post=3519"},{"taxonomy":"product_tag","embeddable":true,"href":"https:\/\/e-xact.de\/fr\/wp-json\/wp\/v2\/product_tag?post=3519"}],"curies":[{"name":"wp","href":"https:\/\/api.w.org\/{rel}","templated":true}]}}