{"id":3517,"date":"2022-11-10T11:35:53","date_gmt":"2022-11-10T10:35:53","guid":{"rendered":"https:\/\/e-xact.de\/produkt\/mikrofasertuch-doppelseitig\/"},"modified":"2022-11-10T11:33:53","modified_gmt":"2022-11-10T10:33:53","slug":"mikrofasertuch-doppelseitig","status":"publish","type":"product","link":"https:\/\/e-xact.de\/fr\/produit\/mikrofasertuch-doppelseitig\/","title":{"rendered":"Chiffon microfibre double face"},"content":{"rendered":"<p>Chiffon de nettoyage pour tablettes, smartphones, \u00e9crans et surfaces lisses de toutes sortes. Le chiffon en microfibre double face de ce cadeau promotionnel pr\u00e9sente une surface en microfibre au recto pour la publicit\u00e9 et une surface en microfibre particuli\u00e8rement douce au verso pour le nettoyage et une vision sans traces. La couture sur les c\u00f4t\u00e9s ext\u00e9rieurs relie les deux c\u00f4t\u00e9s. Possible en tant qu'article promotionnel dans tous les formats et toutes les tailles et avec une double utilit\u00e9. Pour les d\u00e9placements, ce chiffon en microfibre est \u00e9galement disponible avec une mini-poche. Dans ce cas, le chiffon en microfibre double face est cousu dans la poche. Il peut y \u00eatre rang\u00e9 et en sortir selon les besoins. Le recto de ce support publicitaire est imprim\u00e9 sur toute sa surface par impression num\u00e9rique en qualit\u00e9 photo.<\/p>","protected":false},"excerpt":{"rendered":"<p>Reinigungstuch f\u00fcr Tablets, Smartphones, Displays und glatte Fl\u00e4chen aller Art. Das doppelseitige Mikrofasertuch dieses Werbegeschenks hat auf der Vorderseite eine Mikrofaseroberfl\u00e4che als Werbefl\u00e4che und auf der R\u00fcckseite eine besonders weiche Mikrofaseroberfl\u00e4che zur Reinigung f\u00fcr streifenfreie Sicht. Die Naht an den Au\u00dfenseiten verbindet beide Seiten. Als Werbeartikel in allen Formaten und Gr\u00f6\u00dfen m\u00f6glich und mit Doppelnutzen. [&hellip;]<\/p>\n","protected":false},"featured_media":3516,"template":"","meta":{"_et_pb_use_builder":"","_et_pb_old_content":"","_et_gb_content_width":""},"product_brand":[],"product_cat":[208],"product_tag":[790,791,792],"class_list":{"0":"post-3517","1":"product","2":"type-product","3":"status-publish","4":"has-post-thumbnail","6":"product_cat-mikrofaserwelt","7":"product_tag-brillenputztuch","8":"product_tag-mirkofaser","9":"product_tag-putztuch","11":"first","12":"instock","13":"shipping-taxable","14":"product-type-simple"},"_links":{"self":[{"href":"https:\/\/e-xact.de\/fr\/wp-json\/wp\/v2\/product\/3517","targetHints":{"allow":["GET"]}}],"collection":[{"href":"https:\/\/e-xact.de\/fr\/wp-json\/wp\/v2\/product"}],"about":[{"href":"https:\/\/e-xact.de\/fr\/wp-json\/wp\/v2\/types\/product"}],"wp:featuredmedia":[{"embeddable":true,"href":"https:\/\/e-xact.de\/fr\/wp-json\/wp\/v2\/media\/3516"}],"wp:attachment":[{"href":"https:\/\/e-xact.de\/fr\/wp-json\/wp\/v2\/media?parent=3517"}],"wp:term":[{"taxonomy":"product_brand","embeddable":true,"href":"https:\/\/e-xact.de\/fr\/wp-json\/wp\/v2\/product_brand?post=3517"},{"taxonomy":"product_cat","embeddable":true,"href":"https:\/\/e-xact.de\/fr\/wp-json\/wp\/v2\/product_cat?post=3517"},{"taxonomy":"product_tag","embeddable":true,"href":"https:\/\/e-xact.de\/fr\/wp-json\/wp\/v2\/product_tag?post=3517"}],"curies":[{"name":"wp","href":"https:\/\/api.w.org\/{rel}","templated":true}]}}