{"id":3515,"date":"2022-11-10T12:40:48","date_gmt":"2022-11-10T11:40:48","guid":{"rendered":"https:\/\/e-xact.de\/produkt\/zaubersaeckchen\/"},"modified":"2025-12-04T13:37:31","modified_gmt":"2025-12-04T12:37:31","slug":"zaubersaeckchen","status":"publish","type":"product","link":"https:\/\/e-xact.de\/fr\/produit\/zaubersaeckchen\/","title":{"rendered":"Sacs magiques en microfibre"},"content":{"rendered":"<p>Le compagnon id\u00e9al pour les porteurs de lunettes et les sportifs amateurs ! Le sac magique en microfibres super petit, y compris le chiffon pour nettoyer les lunettes et le mousqueton, est disponible en deux tailles ! Il est \u00e9galement possible de remplacer le mousqueton par une prise en caoutchouc pour l'attacher au smartphone ou \u00e0 la tablette. Le chiffon pour nettoyer les lunettes est fix\u00e9 \u00e0 l'int\u00e9rieur du sac magique et peut \u00eatre rang\u00e9 dans le petit sac en microfibres si n\u00e9cessaire. Il suffit ensuite de secouer le sac pour faire r\u00e9appara\u00eetre le chiffon de nettoyage des lunettes. Disponible \u00e9galement avec un sac en n\u00e9opr\u00e8ne.<\/p>","protected":false},"excerpt":{"rendered":"<p>Der ideale Wegbegleiter f\u00fcr Brillentr\u00e4ger und Freizeitsportler! Das superkleine Mikrofaser Zaubers\u00e4ckchen inkl. Brillenputztuch und Karabinerhaken ist in zwei Gr\u00f6\u00dfen erh\u00e4ltlich! Alternativ kann der Karabinerhaken auch durch einen Gummistecker zur Anbringung am Smartphone oder Tablet ausgetauscht werden. Das Brillenputztuch ist im Inneren des Zaubers\u00e4ckchens befestigt und l\u00e4sst sich bei Bedarf im Mikrofasers\u00e4ckchen verstauen. Das Brillenputztuch k\u00f6nnen [&hellip;]<\/p>\n","protected":false},"featured_media":3625,"template":"","meta":{"_et_pb_use_builder":"","_et_pb_old_content":"","_et_gb_content_width":""},"product_brand":[],"product_cat":[208],"product_tag":[790,1221,1222,1223,791,1220],"class_list":{"0":"post-3515","1":"product","2":"type-product","3":"status-publish","4":"has-post-thumbnail","6":"product_cat-mikrofaserwelt","7":"product_tag-brillenputztuch","8":"product_tag-camera-2","9":"product_tag-lens-2","10":"product_tag-mircofiber-2","11":"product_tag-mirkofaser","12":"product_tag-mobilphone-2","14":"first","15":"instock","16":"shipping-taxable","17":"product-type-simple"},"_links":{"self":[{"href":"https:\/\/e-xact.de\/fr\/wp-json\/wp\/v2\/product\/3515","targetHints":{"allow":["GET"]}}],"collection":[{"href":"https:\/\/e-xact.de\/fr\/wp-json\/wp\/v2\/product"}],"about":[{"href":"https:\/\/e-xact.de\/fr\/wp-json\/wp\/v2\/types\/product"}],"wp:featuredmedia":[{"embeddable":true,"href":"https:\/\/e-xact.de\/fr\/wp-json\/wp\/v2\/media\/3625"}],"wp:attachment":[{"href":"https:\/\/e-xact.de\/fr\/wp-json\/wp\/v2\/media?parent=3515"}],"wp:term":[{"taxonomy":"product_brand","embeddable":true,"href":"https:\/\/e-xact.de\/fr\/wp-json\/wp\/v2\/product_brand?post=3515"},{"taxonomy":"product_cat","embeddable":true,"href":"https:\/\/e-xact.de\/fr\/wp-json\/wp\/v2\/product_cat?post=3515"},{"taxonomy":"product_tag","embeddable":true,"href":"https:\/\/e-xact.de\/fr\/wp-json\/wp\/v2\/product_tag?post=3515"}],"curies":[{"name":"wp","href":"https:\/\/api.w.org\/{rel}","templated":true}]}}