{"id":3504,"date":"2022-11-10T12:36:14","date_gmt":"2022-11-10T11:36:14","guid":{"rendered":"https:\/\/e-xact.de\/produkt\/multifunktionstuch-bandana\/"},"modified":"2025-12-04T13:40:31","modified_gmt":"2025-12-04T12:40:31","slug":"multifunktionstuch-bandana","status":"publish","type":"product","link":"https:\/\/e-xact.de\/fr\/produit\/multifunktionstuch-bandana\/","title":{"rendered":"Mikrofaser Multifunktionstuch\/Bandana &#8211; auch aus r-PET"},"content":{"rendered":"<p>Ce foulard multifonctionnel en polyester 100% (\u00e9galement disponible en r-PET) peut \u00eatre port\u00e9 comme foulard, bandana, foulard de pirate, sahara, bonnet, casquette, \u00e9charpe, bandeau pour les cheveux et bandeau pour le front. Un article publicitaire id\u00e9al pour les fans de sport !<\/p>","protected":false},"excerpt":{"rendered":"<p>Ce foulard multifonctionnel en polyester 100% (\u00e9galement disponible en r-PET) peut \u00eatre port\u00e9 comme foulard, bandana, foulard de pirate, sahara, bonnet, casquette, \u00e9charpe, bandeau pour les cheveux et bandeau pour le front. Un article publicitaire id\u00e9al pour les fans de sport !<\/p>","protected":false},"featured_media":4641,"template":"","meta":{"_et_pb_use_builder":"","_et_pb_old_content":"","_et_gb_content_width":""},"product_brand":[],"product_cat":[208],"product_tag":[781,783,782],"class_list":{"0":"post-3504","1":"product","2":"type-product","3":"status-publish","4":"has-post-thumbnail","6":"product_cat-mikrofaserwelt","7":"product_tag-bandana","8":"product_tag-motorradfahrer","9":"product_tag-sonnenschutz","11":"first","12":"instock","13":"shipping-taxable","14":"product-type-simple"},"_links":{"self":[{"href":"https:\/\/e-xact.de\/fr\/wp-json\/wp\/v2\/product\/3504","targetHints":{"allow":["GET"]}}],"collection":[{"href":"https:\/\/e-xact.de\/fr\/wp-json\/wp\/v2\/product"}],"about":[{"href":"https:\/\/e-xact.de\/fr\/wp-json\/wp\/v2\/types\/product"}],"wp:featuredmedia":[{"embeddable":true,"href":"https:\/\/e-xact.de\/fr\/wp-json\/wp\/v2\/media\/4641"}],"wp:attachment":[{"href":"https:\/\/e-xact.de\/fr\/wp-json\/wp\/v2\/media?parent=3504"}],"wp:term":[{"taxonomy":"product_brand","embeddable":true,"href":"https:\/\/e-xact.de\/fr\/wp-json\/wp\/v2\/product_brand?post=3504"},{"taxonomy":"product_cat","embeddable":true,"href":"https:\/\/e-xact.de\/fr\/wp-json\/wp\/v2\/product_cat?post=3504"},{"taxonomy":"product_tag","embeddable":true,"href":"https:\/\/e-xact.de\/fr\/wp-json\/wp\/v2\/product_tag?post=3504"}],"curies":[{"name":"wp","href":"https:\/\/api.w.org\/{rel}","templated":true}]}}