{"id":3502,"date":"2022-11-10T12:13:11","date_gmt":"2022-11-10T11:13:11","guid":{"rendered":"https:\/\/e-xact.de\/produkt\/mouse-mat\/"},"modified":"2025-12-04T14:00:55","modified_gmt":"2025-12-04T13:00:55","slug":"mouse-mat","status":"publish","type":"product","link":"https:\/\/e-xact.de\/fr\/produit\/mouse-mat\/","title":{"rendered":"Tapis de souris en microfibre"},"content":{"rendered":"<p>Le tapis de souris en microfibres est \u00e0 mi-chemin entre le tapis de souris et le chiffon en microfibres. Le recto est en microfibre, le verso est caoutchout\u00e9. Gr\u00e2ce \u00e0 sa faible \u00e9paisseur, le tapis de souris en microfibre convient tr\u00e8s bien pour \u00eatre ins\u00e9r\u00e9 dans l'ordinateur portable afin de le prot\u00e9ger. En tant qu'article promotionnel, c'est le compagnon id\u00e9al pour tous les professionnels de l'ordinateur portable. Ce cadeau promotionnel peut \u00eatre imprim\u00e9 avec votre logo en quadrichromie sur le devant en qualit\u00e9 photo. D'autres dimensions sont \u00e9galement possibles sur demande en tant que Speed Gaming Mouse Mat !<\/p>","protected":false},"excerpt":{"rendered":"<p>Die Mikrofaser Mouse Mat ist ein Zwischending von Mousepad und Mikrofasertuch. Die Vorderseite besteht aus Mikrofaser, die R\u00fcckseite ist gummiert. Durch seine geringe Dicke ist das Mikrofaser Mouse Mat sehr gut geeignet, um es in das Laptop, zum Schutz, einzulegen. Als Werbeartikel der richtige Begleiter f\u00fcr alle Laptop-Profis. Dieses Werbepr\u00e4sent kann mit Ihrem Logo 4-farbig [&hellip;]<\/p>\n","protected":false},"featured_media":3501,"template":"","meta":{"_et_pb_use_builder":"","_et_pb_old_content":"","_et_gb_content_width":""},"product_brand":[],"product_cat":[208],"product_tag":[780,779,778,532],"class_list":{"0":"post-3502","1":"product","2":"type-product","3":"status-publish","4":"has-post-thumbnail","6":"product_cat-mikrofaserwelt","7":"product_tag-computerspiel","8":"product_tag-laptopeinleger","9":"product_tag-mousepad","10":"product_tag-pc","12":"first","13":"instock","14":"shipping-taxable","15":"product-type-simple"},"_links":{"self":[{"href":"https:\/\/e-xact.de\/fr\/wp-json\/wp\/v2\/product\/3502","targetHints":{"allow":["GET"]}}],"collection":[{"href":"https:\/\/e-xact.de\/fr\/wp-json\/wp\/v2\/product"}],"about":[{"href":"https:\/\/e-xact.de\/fr\/wp-json\/wp\/v2\/types\/product"}],"wp:featuredmedia":[{"embeddable":true,"href":"https:\/\/e-xact.de\/fr\/wp-json\/wp\/v2\/media\/3501"}],"wp:attachment":[{"href":"https:\/\/e-xact.de\/fr\/wp-json\/wp\/v2\/media?parent=3502"}],"wp:term":[{"taxonomy":"product_brand","embeddable":true,"href":"https:\/\/e-xact.de\/fr\/wp-json\/wp\/v2\/product_brand?post=3502"},{"taxonomy":"product_cat","embeddable":true,"href":"https:\/\/e-xact.de\/fr\/wp-json\/wp\/v2\/product_cat?post=3502"},{"taxonomy":"product_tag","embeddable":true,"href":"https:\/\/e-xact.de\/fr\/wp-json\/wp\/v2\/product_tag?post=3502"}],"curies":[{"name":"wp","href":"https:\/\/api.w.org\/{rel}","templated":true}]}}