{"id":3500,"date":"2022-11-10T11:50:07","date_gmt":"2022-11-10T10:50:07","guid":{"rendered":"https:\/\/e-xact.de\/produkt\/handystand-2\/"},"modified":"2025-12-04T13:44:14","modified_gmt":"2025-12-04T12:44:14","slug":"handystand-2","status":"publish","type":"product","link":"https:\/\/e-xact.de\/fr\/produit\/handystand-2\/","title":{"rendered":"Support pour t\u00e9l\u00e9phone portable en microfibre"},"content":{"rendered":"<p>Cet accessoire de bureau \u00e9l\u00e9gant est le \u201epouf\u201c id\u00e9al pour votre smartphone, t\u00e9l\u00e9phone portable, mini-tablette ou lecteur de livre \u00e9lectronique. Cet article promotionnel a une double utilit\u00e9 : D'une part, il vous permet de poser vos appareils pour regarder des photos et des vid\u00e9os, \u00e9couter de la musique ou lire vos e-mails. D'autre part, le fond de cet objet publicitaire nettoie les \u00e9crans de tout type. La surface de ce cadeau publicitaire est imprim\u00e9e sur toute sa surface par impression num\u00e9rique de qualit\u00e9 photo, ce qui permet une conception cr\u00e9ative et personnalis\u00e9e de votre message publicitaire.  Notre support de t\u00e9l\u00e9phone portable en microfibre est \u00e9galement disponible avec chargeur WLAN sur demande.Couleurs standard c\u00f4t\u00e9 fond : gris (PMS429c), vert (PMS367c), bleu (PMS539c), rose (PMS213c)<\/p>","protected":false},"excerpt":{"rendered":"<p>Dieses stilvolle Schreibtisch-Accessoire ist der ideale \u201eSitzsack\u201c f\u00fcr Ihr Smartphone, Handy, Mini-Tablet oder eBookReader. Dieser Werbeartikel hat einen 2-fach Nutzen: Zum einen k\u00f6nnen Sie Ihre Ger\u00e4te aufstellen, um Bilder und Videos zu betrachten, Musik zu h\u00f6ren oder E-Mails zu lesen. Zum anderen reinigt der Boden dieses Werbemittels Displays jeder Art. Die Oberfl\u00e4che dieses Werbegeschenks wird [&hellip;]<\/p>\n","protected":false},"featured_media":3606,"template":"","meta":{"_et_pb_use_builder":"","_et_pb_old_content":"","_et_gb_content_width":""},"product_brand":[],"product_cat":[208],"product_tag":[536,804,619,1238,1237],"class_list":{"0":"post-3500","1":"product","2":"type-product","3":"status-publish","4":"has-post-thumbnail","6":"product_cat-mikrofaserwelt","7":"product_tag-handystand","8":"product_tag-mikrofaser","9":"product_tag-staender","10":"product_tag-stressball","11":"product_tag-tablett","13":"first","14":"instock","15":"shipping-taxable","16":"product-type-simple"},"_links":{"self":[{"href":"https:\/\/e-xact.de\/fr\/wp-json\/wp\/v2\/product\/3500","targetHints":{"allow":["GET"]}}],"collection":[{"href":"https:\/\/e-xact.de\/fr\/wp-json\/wp\/v2\/product"}],"about":[{"href":"https:\/\/e-xact.de\/fr\/wp-json\/wp\/v2\/types\/product"}],"wp:featuredmedia":[{"embeddable":true,"href":"https:\/\/e-xact.de\/fr\/wp-json\/wp\/v2\/media\/3606"}],"wp:attachment":[{"href":"https:\/\/e-xact.de\/fr\/wp-json\/wp\/v2\/media?parent=3500"}],"wp:term":[{"taxonomy":"product_brand","embeddable":true,"href":"https:\/\/e-xact.de\/fr\/wp-json\/wp\/v2\/product_brand?post=3500"},{"taxonomy":"product_cat","embeddable":true,"href":"https:\/\/e-xact.de\/fr\/wp-json\/wp\/v2\/product_cat?post=3500"},{"taxonomy":"product_tag","embeddable":true,"href":"https:\/\/e-xact.de\/fr\/wp-json\/wp\/v2\/product_tag?post=3500"}],"curies":[{"name":"wp","href":"https:\/\/api.w.org\/{rel}","templated":true}]}}