{"id":3498,"date":"2022-11-10T11:47:04","date_gmt":"2022-11-10T10:47:04","guid":{"rendered":"https:\/\/e-xact.de\/produkt\/handschuh-altern-mit-frottier-auf-der-innenseite\/"},"modified":"2023-03-03T12:54:49","modified_gmt":"2023-03-03T11:54:49","slug":"handschuh-altern-mit-frottier-auf-der-innenseite","status":"publish","type":"product","link":"https:\/\/e-xact.de\/fr\/produit\/handschuh-altern-mit-frottier-auf-der-innenseite\/","title":{"rendered":"Gants en microfibre altern. avec tissu \u00e9ponge \u00e0 l'int\u00e9rieur"},"content":{"rendered":"<p>Le gant en microfibres est un compagnon domestique utile pour faire la poussi\u00e8re. Convient \u00e9galement pour nettoyer les \u00e9crans de t\u00e9l\u00e9phone portable, les tablettes ou les cockpits de voiture. Imprimable en qualit\u00e9 photo sur toute la surface ext\u00e9rieure.<\/p>","protected":false},"excerpt":{"rendered":"<p>Le gant en microfibres est un compagnon domestique utile pour faire la poussi\u00e8re. Convient \u00e9galement pour nettoyer les \u00e9crans de t\u00e9l\u00e9phone portable, les tablettes ou les cockpits de voiture. Imprimable en qualit\u00e9 photo sur toute la surface ext\u00e9rieure.<\/p>","protected":false},"featured_media":3497,"template":"","meta":{"_et_pb_use_builder":"","_et_pb_old_content":"","_et_gb_content_width":""},"product_brand":[],"product_cat":[208],"product_tag":[601,777,776,1239,677,798,1240],"class_list":{"0":"post-3498","1":"product","2":"type-product","3":"status-publish","4":"has-post-thumbnail","6":"product_cat-mikrofaserwelt","7":"product_tag-auto","8":"product_tag-autopflege","9":"product_tag-cockpit","10":"product_tag-handschuh","11":"product_tag-museum","12":"product_tag-pflege","13":"product_tag-staubtuch","15":"first","16":"instock","17":"shipping-taxable","18":"product-type-simple"},"_links":{"self":[{"href":"https:\/\/e-xact.de\/fr\/wp-json\/wp\/v2\/product\/3498","targetHints":{"allow":["GET"]}}],"collection":[{"href":"https:\/\/e-xact.de\/fr\/wp-json\/wp\/v2\/product"}],"about":[{"href":"https:\/\/e-xact.de\/fr\/wp-json\/wp\/v2\/types\/product"}],"wp:featuredmedia":[{"embeddable":true,"href":"https:\/\/e-xact.de\/fr\/wp-json\/wp\/v2\/media\/3497"}],"wp:attachment":[{"href":"https:\/\/e-xact.de\/fr\/wp-json\/wp\/v2\/media?parent=3498"}],"wp:term":[{"taxonomy":"product_brand","embeddable":true,"href":"https:\/\/e-xact.de\/fr\/wp-json\/wp\/v2\/product_brand?post=3498"},{"taxonomy":"product_cat","embeddable":true,"href":"https:\/\/e-xact.de\/fr\/wp-json\/wp\/v2\/product_cat?post=3498"},{"taxonomy":"product_tag","embeddable":true,"href":"https:\/\/e-xact.de\/fr\/wp-json\/wp\/v2\/product_tag?post=3498"}],"curies":[{"name":"wp","href":"https:\/\/api.w.org\/{rel}","templated":true}]}}