{"id":3494,"date":"2022-11-10T11:44:52","date_gmt":"2022-11-10T10:44:52","guid":{"rendered":"https:\/\/e-xact.de\/produkt\/brillenetui\/"},"modified":"2025-12-09T11:27:45","modified_gmt":"2025-12-09T10:27:45","slug":"brillenetui","status":"publish","type":"product","link":"https:\/\/e-xact.de\/fr\/produit\/brillenetui\/","title":{"rendered":"\u00c9tui \u00e0 lunettes en microfibre XL"},"content":{"rendered":"<p>L'\u00e9tui \u00e0 lunettes en microfibre peut \u00eatre livr\u00e9 au choix avec ou sans chiffon en microfibre. Les deux articles sont imprim\u00e9s en qualit\u00e9 photo par impression num\u00e9rique en tant que cadeau promotionnel. Article promotionnel id\u00e9al pour, par exemple, les opticiens, les fabricants de lentilles, les ophtalmologues. Disponible \u00e9galement en forme carr\u00e9e.<\/p>","protected":false},"excerpt":{"rendered":"<p>L'\u00e9tui \u00e0 lunettes en microfibre peut \u00eatre livr\u00e9 au choix avec ou sans chiffon en microfibre. Les deux articles sont imprim\u00e9s en qualit\u00e9 photo par impression num\u00e9rique en tant que cadeau promotionnel. Article promotionnel id\u00e9al pour, par exemple, les opticiens, les fabricants de lentilles, les ophtalmologues. Disponible \u00e9galement en forme carr\u00e9e.<\/p>","protected":false},"featured_media":3495,"template":"","meta":{"_et_pb_use_builder":"","_et_pb_old_content":"","_et_gb_content_width":""},"product_brand":[],"product_cat":[208],"product_tag":[1384,1382,1383,771,574,1385,770],"class_list":{"0":"post-3494","1":"product","2":"type-product","3":"status-publish","4":"has-post-thumbnail","6":"product_cat-mikrofaserwelt","7":"product_tag-augen","8":"product_tag-brille","9":"product_tag-etui","10":"product_tag-optiker","11":"product_tag-outdoor","12":"product_tag-reise","13":"product_tag-sonnenbrille","15":"first","16":"instock","17":"shipping-taxable","18":"product-type-simple"},"_links":{"self":[{"href":"https:\/\/e-xact.de\/fr\/wp-json\/wp\/v2\/product\/3494","targetHints":{"allow":["GET"]}}],"collection":[{"href":"https:\/\/e-xact.de\/fr\/wp-json\/wp\/v2\/product"}],"about":[{"href":"https:\/\/e-xact.de\/fr\/wp-json\/wp\/v2\/types\/product"}],"wp:featuredmedia":[{"embeddable":true,"href":"https:\/\/e-xact.de\/fr\/wp-json\/wp\/v2\/media\/3495"}],"wp:attachment":[{"href":"https:\/\/e-xact.de\/fr\/wp-json\/wp\/v2\/media?parent=3494"}],"wp:term":[{"taxonomy":"product_brand","embeddable":true,"href":"https:\/\/e-xact.de\/fr\/wp-json\/wp\/v2\/product_brand?post=3494"},{"taxonomy":"product_cat","embeddable":true,"href":"https:\/\/e-xact.de\/fr\/wp-json\/wp\/v2\/product_cat?post=3494"},{"taxonomy":"product_tag","embeddable":true,"href":"https:\/\/e-xact.de\/fr\/wp-json\/wp\/v2\/product_tag?post=3494"}],"curies":[{"name":"wp","href":"https:\/\/api.w.org\/{rel}","templated":true}]}}