{"id":3471,"date":"2023-01-03T15:20:34","date_gmt":"2023-01-03T14:20:34","guid":{"rendered":"https:\/\/e-xact.de\/produkt\/exact-zauberwuerfel-der-klassiker-3x3-57-mm-2\/"},"modified":"2025-12-10T13:52:34","modified_gmt":"2025-12-10T12:52:34","slug":"exact-zauberwuerfel-der-klassiker-3x3-57-mm-2","status":"publish","type":"product","link":"https:\/\/e-xact.de\/fr\/produit\/exact-zauberwuerfel-der-klassiker-3x3-57-mm-2\/","title":{"rendered":"e!xact Zauberw\u00fcrfel \u2013  3&#215;3 57mm &#8211; mit Druck auf EINER Seite -in Deutschland veredelt"},"content":{"rendered":"<p>Le e!xact cube magique avec impression sur une face est disponible dans les couleurs classiques vert, jaune, bleu, orange et rouge. La surface blanche est remplac\u00e9e par le design individuel du client en impression num\u00e9rique de haute qualit\u00e9.<\/p>","protected":false},"excerpt":{"rendered":"<p>Le e!xact cube magique avec impression sur une face est disponible dans les couleurs classiques vert, jaune, bleu, orange et rouge. La surface blanche est remplac\u00e9e par le design individuel du client en impression num\u00e9rique de haute qualit\u00e9.<\/p>","protected":false},"featured_media":25095235,"template":"","meta":{"_et_pb_use_builder":"","_et_pb_old_content":"","_et_gb_content_width":""},"product_brand":[],"product_cat":[207],"product_tag":[719,726,567,568,737,732,725,730,635,724,721,720,722,656,650,723,718],"class_list":{"0":"post-3471","1":"product","2":"type-product","3":"status-publish","4":"has-post-thumbnail","6":"product_cat-wuerfelwelt","7":"product_tag-cube","8":"product_tag-drehwuerfel","9":"product_tag-geduld","10":"product_tag-geduldspiel","11":"product_tag-kreativitaet","12":"product_tag-loesung","13":"product_tag-magic-cube","14":"product_tag-mathematik","15":"product_tag-puzzle","16":"product_tag-rubick","17":"product_tag-rubik","18":"product_tag-rubiks","19":"product_tag-rubix","20":"product_tag-spielzeug","21":"product_tag-wuerfel","22":"product_tag-zauber","23":"product_tag-zauberwuerfel","25":"first","26":"instock","27":"shipping-taxable","28":"product-type-simple"},"_links":{"self":[{"href":"https:\/\/e-xact.de\/fr\/wp-json\/wp\/v2\/product\/3471","targetHints":{"allow":["GET"]}}],"collection":[{"href":"https:\/\/e-xact.de\/fr\/wp-json\/wp\/v2\/product"}],"about":[{"href":"https:\/\/e-xact.de\/fr\/wp-json\/wp\/v2\/types\/product"}],"wp:featuredmedia":[{"embeddable":true,"href":"https:\/\/e-xact.de\/fr\/wp-json\/wp\/v2\/media\/25095235"}],"wp:attachment":[{"href":"https:\/\/e-xact.de\/fr\/wp-json\/wp\/v2\/media?parent=3471"}],"wp:term":[{"taxonomy":"product_brand","embeddable":true,"href":"https:\/\/e-xact.de\/fr\/wp-json\/wp\/v2\/product_brand?post=3471"},{"taxonomy":"product_cat","embeddable":true,"href":"https:\/\/e-xact.de\/fr\/wp-json\/wp\/v2\/product_cat?post=3471"},{"taxonomy":"product_tag","embeddable":true,"href":"https:\/\/e-xact.de\/fr\/wp-json\/wp\/v2\/product_tag?post=3471"}],"curies":[{"name":"wp","href":"https:\/\/api.w.org\/{rel}","templated":true}]}}