{"id":3469,"date":"2023-01-03T15:25:30","date_gmt":"2023-01-03T14:25:30","guid":{"rendered":"https:\/\/e-xact.de\/produkt\/exact-zauberwuerfel-der-klassiker-3x3-57-mm\/"},"modified":"2025-12-10T14:15:09","modified_gmt":"2025-12-10T13:15:09","slug":"exact-zauberwuerfel-der-klassiker-3x3-57-mm","status":"publish","type":"product","link":"https:\/\/e-xact.de\/fr\/produit\/exact-zauberwuerfel-der-klassiker-3x3-57-mm\/","title":{"rendered":"e!xact Zauberw\u00fcrfel \u2013 3&#215;3 57 mm der Klassiker &#8211; mit Druck auf ALLEN Seiten"},"content":{"rendered":"<p>Le cube torsad\u00e9 est le puzzle le plus vendu au monde et un v\u00e9ritable objet culte. Il ne parle pas de langue, ne conna\u00eet pas de fronti\u00e8res et reste un classique pendant des g\u00e9n\u00e9rations. Il est parfait pour v\u00e9hiculer ton message marketing de mani\u00e8re unique. Pour la conception, il n'y a presque aucune limite \u00e0 ta cr\u00e9ativit\u00e9 ! Nous te proposons des \u00e9chantillons gratuits, une animation 3D et tous les croquis de stand n\u00e9cessaires \u00e0 la r\u00e9alisation de ton projet. Nos cubes magiques e!xact sont disponibles en blanc classique, en noir ou en plastique recycl\u00e9 - pour encore plus de durabilit\u00e9.<\/p>","protected":false},"excerpt":{"rendered":"<p>Der Zauberw\u00fcrfel das meistverkaufte Puzzle der Welt und ein echtes Kultobjekt. Er spricht keine Sprache, kennt keine Grenzen und bleibt Generationen lang ein Klassiker. Perfekt, um deine Marketingbotschaft auf einzigartige Weise zu transportieren. Bei der Gestaltung sind deiner Kreativit\u00e4t fast keine Grenzen gesetzt! Wir bieten dir kostenlose Muster, eine 3D-Animation und alle n\u00f6tigen Standskizzen, um [&hellip;]<\/p>\n","protected":false},"featured_media":3178,"template":"","meta":{"_et_pb_use_builder":"","_et_pb_old_content":"","_et_gb_content_width":""},"product_brand":[],"product_cat":[207],"product_tag":[719,726,717,567,733,737,732,725,730,635,724,721,720,722,656,650,718],"class_list":{"0":"post-3469","1":"product","2":"type-product","3":"status-publish","4":"has-post-thumbnail","6":"product_cat-wuerfelwelt","7":"product_tag-cube","8":"product_tag-drehwuerfel","9":"product_tag-exact","10":"product_tag-geduld","11":"product_tag-komplex","12":"product_tag-kreativitaet","13":"product_tag-loesung","14":"product_tag-magic-cube","15":"product_tag-mathematik","16":"product_tag-puzzle","17":"product_tag-rubick","18":"product_tag-rubik","19":"product_tag-rubiks","20":"product_tag-rubix","21":"product_tag-spielzeug","22":"product_tag-wuerfel","23":"product_tag-zauberwuerfel","25":"first","26":"instock","27":"shipping-taxable","28":"product-type-simple"},"_links":{"self":[{"href":"https:\/\/e-xact.de\/fr\/wp-json\/wp\/v2\/product\/3469","targetHints":{"allow":["GET"]}}],"collection":[{"href":"https:\/\/e-xact.de\/fr\/wp-json\/wp\/v2\/product"}],"about":[{"href":"https:\/\/e-xact.de\/fr\/wp-json\/wp\/v2\/types\/product"}],"wp:featuredmedia":[{"embeddable":true,"href":"https:\/\/e-xact.de\/fr\/wp-json\/wp\/v2\/media\/3178"}],"wp:attachment":[{"href":"https:\/\/e-xact.de\/fr\/wp-json\/wp\/v2\/media?parent=3469"}],"wp:term":[{"taxonomy":"product_brand","embeddable":true,"href":"https:\/\/e-xact.de\/fr\/wp-json\/wp\/v2\/product_brand?post=3469"},{"taxonomy":"product_cat","embeddable":true,"href":"https:\/\/e-xact.de\/fr\/wp-json\/wp\/v2\/product_cat?post=3469"},{"taxonomy":"product_tag","embeddable":true,"href":"https:\/\/e-xact.de\/fr\/wp-json\/wp\/v2\/product_tag?post=3469"}],"curies":[{"name":"wp","href":"https:\/\/api.w.org\/{rel}","templated":true}]}}