{"id":3459,"date":"2022-01-28T16:33:02","date_gmt":"2022-01-28T15:33:02","guid":{"rendered":"https:\/\/e-xact.de\/produkt\/kofferbaender\/"},"modified":"2025-12-04T14:03:20","modified_gmt":"2025-12-04T13:03:20","slug":"kofferbaender","status":"publish","type":"product","link":"https:\/\/e-xact.de\/fr\/produit\/kofferbaender\/","title":{"rendered":"Sangles \u00e0 bagages"},"content":{"rendered":"<p>Les sangles de valise imprim\u00e9es sont utilis\u00e9es selon vos indications avec votre logo et votre slogan comme article publicitaire \u00e0 valeur ajout\u00e9e. Vous d\u00e9terminez les couleurs de la sangle de valise et les couleurs d'impression selon Pantone. Les sangles de valises sont \u00e9quip\u00e9es en usine d'une fermeture enfichable et leur longueur est r\u00e9glable. Avec des rubans de valise personnalis\u00e9s, vous assurez une impression durable !<\/p>","protected":false},"excerpt":{"rendered":"<p>Les sangles de valise imprim\u00e9es sont utilis\u00e9es selon vos indications avec votre logo et votre slogan comme article publicitaire \u00e0 valeur ajout\u00e9e. Vous d\u00e9terminez les couleurs de la sangle de valise et les couleurs d'impression selon Pantone. Les sangles de valises sont \u00e9quip\u00e9es en usine d'une fermeture enfichable et leur longueur est r\u00e9glable. Avec des rubans de valise personnalis\u00e9s, vous assurez une impression durable !<\/p>","protected":false},"featured_media":3458,"template":"","meta":{"_et_pb_use_builder":"","_et_pb_old_content":"","_et_gb_content_width":""},"product_brand":[],"product_cat":[209],"product_tag":[692,697,696,691,693,694,695,528,698],"class_list":{"0":"post-3459","1":"product","2":"type-product","3":"status-publish","4":"has-post-thumbnail","6":"product_cat-werbewelt","7":"product_tag-band","8":"product_tag-business","9":"product_tag-geschaeft","10":"product_tag-koffer","11":"product_tag-reisen","12":"product_tag-tasche","13":"product_tag-trolly","14":"product_tag-urlaub","15":"product_tag-verstellbar","17":"first","18":"instock","19":"shipping-taxable","20":"product-type-simple"},"_links":{"self":[{"href":"https:\/\/e-xact.de\/fr\/wp-json\/wp\/v2\/product\/3459","targetHints":{"allow":["GET"]}}],"collection":[{"href":"https:\/\/e-xact.de\/fr\/wp-json\/wp\/v2\/product"}],"about":[{"href":"https:\/\/e-xact.de\/fr\/wp-json\/wp\/v2\/types\/product"}],"wp:featuredmedia":[{"embeddable":true,"href":"https:\/\/e-xact.de\/fr\/wp-json\/wp\/v2\/media\/3458"}],"wp:attachment":[{"href":"https:\/\/e-xact.de\/fr\/wp-json\/wp\/v2\/media?parent=3459"}],"wp:term":[{"taxonomy":"product_brand","embeddable":true,"href":"https:\/\/e-xact.de\/fr\/wp-json\/wp\/v2\/product_brand?post=3459"},{"taxonomy":"product_cat","embeddable":true,"href":"https:\/\/e-xact.de\/fr\/wp-json\/wp\/v2\/product_cat?post=3459"},{"taxonomy":"product_tag","embeddable":true,"href":"https:\/\/e-xact.de\/fr\/wp-json\/wp\/v2\/product_tag?post=3459"}],"curies":[{"name":"wp","href":"https:\/\/api.w.org\/{rel}","templated":true}]}}