{"id":3457,"date":"2022-01-28T16:32:57","date_gmt":"2022-01-28T15:32:57","guid":{"rendered":"https:\/\/e-xact.de\/produkt\/magnet-mit-flaschenoeffner\/"},"modified":"2025-12-04T14:04:01","modified_gmt":"2025-12-04T13:04:01","slug":"magnet-mit-flaschenoeffner","status":"publish","type":"product","link":"https:\/\/e-xact.de\/fr\/produit\/magnet-mit-flaschenoeffner\/","title":{"rendered":"Aimant avec d\u00e9capsuleur"},"content":{"rendered":"<p>Vous connaissez cette situation ? Vous prenez une limonade ou une autre boisson froide dans le r\u00e9frig\u00e9rateur et vous n'avez pas d'ouvre-bouteille sous la main ? C'est d\u00e9sormais termin\u00e9 gr\u00e2ce \u00e0 notre aimant avec d\u00e9capsuleur, qui se fixe pratiquement sur votre r\u00e9frig\u00e9rateur.<\/p>","protected":false},"excerpt":{"rendered":"<p>Vous connaissez cette situation ? Vous prenez une limonade ou une autre boisson froide dans le r\u00e9frig\u00e9rateur et vous n'avez pas d'ouvre-bouteille sous la main ? C'est d\u00e9sormais termin\u00e9 gr\u00e2ce \u00e0 notre aimant avec d\u00e9capsuleur, qui se fixe pratiquement sur votre r\u00e9frig\u00e9rateur.<\/p>","protected":false},"featured_media":3456,"template":"","meta":{"_et_pb_use_builder":"","_et_pb_old_content":"","_et_gb_content_width":""},"product_brand":[],"product_cat":[209],"product_tag":[688,681,690,658,689,683,652,684],"class_list":{"0":"post-3457","1":"product","2":"type-product","3":"status-publish","4":"has-post-thumbnail","6":"product_cat-werbewelt","7":"product_tag-flasche-oeffner","8":"product_tag-geschenk","9":"product_tag-getraenk","10":"product_tag-haften","11":"product_tag-kaltgetraenk","12":"product_tag-kuehlschrank","13":"product_tag-magnet","14":"product_tag-whiteboard","16":"first","17":"instock","18":"shipping-taxable","19":"product-type-simple"},"_links":{"self":[{"href":"https:\/\/e-xact.de\/fr\/wp-json\/wp\/v2\/product\/3457","targetHints":{"allow":["GET"]}}],"collection":[{"href":"https:\/\/e-xact.de\/fr\/wp-json\/wp\/v2\/product"}],"about":[{"href":"https:\/\/e-xact.de\/fr\/wp-json\/wp\/v2\/types\/product"}],"wp:featuredmedia":[{"embeddable":true,"href":"https:\/\/e-xact.de\/fr\/wp-json\/wp\/v2\/media\/3456"}],"wp:attachment":[{"href":"https:\/\/e-xact.de\/fr\/wp-json\/wp\/v2\/media?parent=3457"}],"wp:term":[{"taxonomy":"product_brand","embeddable":true,"href":"https:\/\/e-xact.de\/fr\/wp-json\/wp\/v2\/product_brand?post=3457"},{"taxonomy":"product_cat","embeddable":true,"href":"https:\/\/e-xact.de\/fr\/wp-json\/wp\/v2\/product_cat?post=3457"},{"taxonomy":"product_tag","embeddable":true,"href":"https:\/\/e-xact.de\/fr\/wp-json\/wp\/v2\/product_tag?post=3457"}],"curies":[{"name":"wp","href":"https:\/\/api.w.org\/{rel}","templated":true}]}}