{"id":3451,"date":"2022-01-28T16:32:37","date_gmt":"2022-01-28T15:32:37","guid":{"rendered":"https:\/\/e-xact.de\/produkt\/magnet-rechteckig\/"},"modified":"2025-12-04T14:04:58","modified_gmt":"2025-12-04T13:04:58","slug":"magnet-rechteckig","status":"publish","type":"product","link":"https:\/\/e-xact.de\/fr\/produit\/magnet-rechteckig\/","title":{"rendered":"Aimant, rectangulaire"},"content":{"rendered":"<p>Aimant, rectangulaire. Pr\u00e9sentez votre logo sur des aimants flexibles dans les formes et variantes les plus diverses. Tout le monde appr\u00e9cie les magnets publicitaires pratiques. Ils seront certainement utilis\u00e9s au quotidien ! Assurez-vous une place sur le r\u00e9frig\u00e9rateur avec votre aimant personnalis\u00e9 \u00e0 l'effigie de votre entreprise !<\/p>","protected":false},"excerpt":{"rendered":"<p>Aimant, rectangulaire. Pr\u00e9sentez votre logo sur des aimants flexibles dans les formes et variantes les plus diverses. Tout le monde appr\u00e9cie les magnets publicitaires pratiques. Ils seront certainement utilis\u00e9s au quotidien ! Assurez-vous une place sur le r\u00e9frig\u00e9rateur avec votre aimant personnalis\u00e9 \u00e0 l'effigie de votre entreprise !<\/p>","protected":false},"featured_media":3450,"template":"","meta":{"_et_pb_use_builder":"","_et_pb_old_content":"","_et_gb_content_width":""},"product_brand":[],"product_cat":[209],"product_tag":[681,683,652,682,684],"class_list":{"0":"post-3451","1":"product","2":"type-product","3":"status-publish","4":"has-post-thumbnail","6":"product_cat-werbewelt","7":"product_tag-geschenk","8":"product_tag-kuehlschrank","9":"product_tag-magnet","10":"product_tag-rechteckig","11":"product_tag-whiteboard","13":"first","14":"instock","15":"shipping-taxable","16":"product-type-simple"},"_links":{"self":[{"href":"https:\/\/e-xact.de\/fr\/wp-json\/wp\/v2\/product\/3451","targetHints":{"allow":["GET"]}}],"collection":[{"href":"https:\/\/e-xact.de\/fr\/wp-json\/wp\/v2\/product"}],"about":[{"href":"https:\/\/e-xact.de\/fr\/wp-json\/wp\/v2\/types\/product"}],"wp:featuredmedia":[{"embeddable":true,"href":"https:\/\/e-xact.de\/fr\/wp-json\/wp\/v2\/media\/3450"}],"wp:attachment":[{"href":"https:\/\/e-xact.de\/fr\/wp-json\/wp\/v2\/media?parent=3451"}],"wp:term":[{"taxonomy":"product_brand","embeddable":true,"href":"https:\/\/e-xact.de\/fr\/wp-json\/wp\/v2\/product_brand?post=3451"},{"taxonomy":"product_cat","embeddable":true,"href":"https:\/\/e-xact.de\/fr\/wp-json\/wp\/v2\/product_cat?post=3451"},{"taxonomy":"product_tag","embeddable":true,"href":"https:\/\/e-xact.de\/fr\/wp-json\/wp\/v2\/product_tag?post=3451"}],"curies":[{"name":"wp","href":"https:\/\/api.w.org\/{rel}","templated":true}]}}