{"id":3447,"date":"2022-01-28T16:32:28","date_gmt":"2022-01-28T15:32:28","guid":{"rendered":"https:\/\/e-xact.de\/produkt\/magnet-lesezeichen\/"},"modified":"2025-12-04T14:05:52","modified_gmt":"2025-12-04T13:05:52","slug":"magnet-lesezeichen","status":"publish","type":"product","link":"https:\/\/e-xact.de\/fr\/produit\/magnet-lesezeichen\/","title":{"rendered":"Marque-page magn\u00e9tique"},"content":{"rendered":"<p>Le marque-page magn\u00e9tique est un gadget g\u00e9nial pour les amateurs de lecture ! Fini la recherche de pages dans les livres et les magazines ! Gr\u00e2ce \u00e0 l'aimant, vous pouvez facilement fixer le marque-page sur la page et l'emp\u00eacher ainsi de tomber. Impression en offset 4C = qualit\u00e9 photo !!!<\/p>","protected":false},"excerpt":{"rendered":"<p>Le marque-page magn\u00e9tique est un gadget g\u00e9nial pour les amateurs de lecture ! Fini la recherche de pages dans les livres et les magazines ! Gr\u00e2ce \u00e0 l'aimant, vous pouvez facilement fixer le marque-page sur la page et l'emp\u00eacher ainsi de tomber. Impression en offset 4C = qualit\u00e9 photo !!!<\/p>","protected":false},"featured_media":3446,"template":"","meta":{"_et_pb_use_builder":"","_et_pb_old_content":"","_et_gb_content_width":""},"product_brand":[],"product_cat":[209],"product_tag":[671,676,658,674,595,672,652,675,575,657,673],"class_list":{"0":"post-3447","1":"product","2":"type-product","3":"status-publish","4":"has-post-thumbnail","6":"product_cat-werbewelt","7":"product_tag-buch","8":"product_tag-fotoqualitaet","9":"product_tag-haften","10":"product_tag-leseratten","11":"product_tag-lesezeichen","12":"product_tag-magazin","13":"product_tag-magnet","14":"product_tag-seite","15":"product_tag-unterwegs","16":"product_tag-verlieren","17":"product_tag-zeitschrift","19":"first","20":"instock","21":"shipping-taxable","22":"product-type-simple"},"_links":{"self":[{"href":"https:\/\/e-xact.de\/fr\/wp-json\/wp\/v2\/product\/3447","targetHints":{"allow":["GET"]}}],"collection":[{"href":"https:\/\/e-xact.de\/fr\/wp-json\/wp\/v2\/product"}],"about":[{"href":"https:\/\/e-xact.de\/fr\/wp-json\/wp\/v2\/types\/product"}],"wp:featuredmedia":[{"embeddable":true,"href":"https:\/\/e-xact.de\/fr\/wp-json\/wp\/v2\/media\/3446"}],"wp:attachment":[{"href":"https:\/\/e-xact.de\/fr\/wp-json\/wp\/v2\/media?parent=3447"}],"wp:term":[{"taxonomy":"product_brand","embeddable":true,"href":"https:\/\/e-xact.de\/fr\/wp-json\/wp\/v2\/product_brand?post=3447"},{"taxonomy":"product_cat","embeddable":true,"href":"https:\/\/e-xact.de\/fr\/wp-json\/wp\/v2\/product_cat?post=3447"},{"taxonomy":"product_tag","embeddable":true,"href":"https:\/\/e-xact.de\/fr\/wp-json\/wp\/v2\/product_tag?post=3447"}],"curies":[{"name":"wp","href":"https:\/\/api.w.org\/{rel}","templated":true}]}}