{"id":3423,"date":"2022-01-28T16:31:18","date_gmt":"2022-01-28T15:31:18","guid":{"rendered":"https:\/\/e-xact.de\/produkt\/mirror-card\/"},"modified":"2025-12-04T14:07:57","modified_gmt":"2025-12-04T13:07:57","slug":"mirror-card","status":"publish","type":"product","link":"https:\/\/e-xact.de\/fr\/produit\/mirror-card\/","title":{"rendered":"Carte miroir"},"content":{"rendered":"<p>La carte miroir (Mirror Card) poss\u00e8de un miroir au format pratique d'une carte de cr\u00e9dit et se glisse ais\u00e9ment dans un portefeuille. Toujours \u00e0 port\u00e9e de main en cas de besoin ! La carte est fabriqu\u00e9e en PC et, gr\u00e2ce \u00e0 son format plat et \u00e0 son poids de seulement 5 grammes, elle convient parfaitement comme article publicitaire par courrier. Au verso, la carte miroir offre une surface publicitaire qui attire l'attention et est finie en qualit\u00e9 photo.<\/p>","protected":false},"excerpt":{"rendered":"<p>Die Mirror Card hat einen Spiegel im handlichen Scheckkartenformat und passt bequem in die Geldb\u00f6rse. Bei Bedarf immer schnell zur Hand! Die Karte besteht aus PC und eignet sich dank des flachen Formats und einem Gewicht von nur 5 Gramm hervorragend als Mailingartikel. Auf der R\u00fcckseite bietet die Mirror Card eine aufmerksamkeitsstarke Werbefl\u00e4che, die in [&hellip;]<\/p>\n","protected":false},"featured_media":3422,"template":"","meta":{"_et_pb_use_builder":"","_et_pb_old_content":"","_et_gb_content_width":""},"product_brand":[],"product_cat":[209],"product_tag":[1335,560,951],"class_list":{"0":"post-3423","1":"product","2":"type-product","3":"status-publish","4":"has-post-thumbnail","6":"product_cat-werbewelt","7":"product_tag-kosmetk","8":"product_tag-mailingartikel","9":"product_tag-streuartikel","11":"first","12":"instock","13":"shipping-taxable","14":"product-type-simple"},"_links":{"self":[{"href":"https:\/\/e-xact.de\/fr\/wp-json\/wp\/v2\/product\/3423","targetHints":{"allow":["GET"]}}],"collection":[{"href":"https:\/\/e-xact.de\/fr\/wp-json\/wp\/v2\/product"}],"about":[{"href":"https:\/\/e-xact.de\/fr\/wp-json\/wp\/v2\/types\/product"}],"wp:featuredmedia":[{"embeddable":true,"href":"https:\/\/e-xact.de\/fr\/wp-json\/wp\/v2\/media\/3422"}],"wp:attachment":[{"href":"https:\/\/e-xact.de\/fr\/wp-json\/wp\/v2\/media?parent=3423"}],"wp:term":[{"taxonomy":"product_brand","embeddable":true,"href":"https:\/\/e-xact.de\/fr\/wp-json\/wp\/v2\/product_brand?post=3423"},{"taxonomy":"product_cat","embeddable":true,"href":"https:\/\/e-xact.de\/fr\/wp-json\/wp\/v2\/product_cat?post=3423"},{"taxonomy":"product_tag","embeddable":true,"href":"https:\/\/e-xact.de\/fr\/wp-json\/wp\/v2\/product_tag?post=3423"}],"curies":[{"name":"wp","href":"https:\/\/api.w.org\/{rel}","templated":true}]}}