{"id":3421,"date":"2022-01-28T16:31:14","date_gmt":"2022-01-28T15:31:14","guid":{"rendered":"https:\/\/e-xact.de\/produkt\/shape-pen\/"},"modified":"2025-12-04T14:08:44","modified_gmt":"2025-12-04T13:08:44","slug":"shape-pen","status":"publish","type":"product","link":"https:\/\/e-xact.de\/fr\/produit\/shape-pen\/","title":{"rendered":"Stylo Forme"},"content":{"rendered":"<p>Id\u00e9al comme encart de mailing, car le Shape Pen est tr\u00e8s l\u00e9ger (par exemple, en forme de cl\u00e9, seulement environ 4 grammes). Peut \u00e9galement servir de marque-page. Presque toutes les formes sont possibles, qu'il s'agisse de cl\u00e9s, de t\u00e9l\u00e9phones portables, de camions, de bus, de trams, d'ampoules ou de voitures. Convient \u00e9galement comme article bonus ou comme autocollant\/encart dans des magazines, journaux et livres. Imprimable des deux c\u00f4t\u00e9s en impression offset 4C (qualit\u00e9 photo). Presque aucun autre article publicitaire ne peut \u00eatre imprim\u00e9 \u00e0 ce prix et avec cette qualit\u00e9.<\/p>","protected":false},"excerpt":{"rendered":"<p>Ideal als Mailingbeileger, da der Shape Pen super leicht im Gewicht ist (z.B. in Schl\u00fcsselform nur ca. 4 Gramm) . Auch als Lesezeichen verwendbar. Nahezu jede Form m\u00f6glich, egal ob Schl\u00fcssel, Handy, Laster, Bus Bahn, Gl\u00fchbirne oder Auto. Auch gut geeignet als Zugabeartikel oder als Einkleber\/Einleger in Zeitschriften, Zeitungen und B\u00fccher. Auf beiden Seiten in [&hellip;]<\/p>\n","protected":false},"featured_media":3420,"template":"","meta":{"_et_pb_use_builder":"","_et_pb_old_content":"","_et_gb_content_width":""},"product_brand":[],"product_cat":[209],"product_tag":[592,560,951],"class_list":{"0":"post-3421","1":"product","2":"type-product","3":"status-publish","4":"has-post-thumbnail","6":"product_cat-werbewelt","7":"product_tag-beileger","8":"product_tag-mailingartikel","9":"product_tag-streuartikel","11":"first","12":"instock","13":"shipping-taxable","14":"product-type-simple"},"_links":{"self":[{"href":"https:\/\/e-xact.de\/fr\/wp-json\/wp\/v2\/product\/3421","targetHints":{"allow":["GET"]}}],"collection":[{"href":"https:\/\/e-xact.de\/fr\/wp-json\/wp\/v2\/product"}],"about":[{"href":"https:\/\/e-xact.de\/fr\/wp-json\/wp\/v2\/types\/product"}],"wp:featuredmedia":[{"embeddable":true,"href":"https:\/\/e-xact.de\/fr\/wp-json\/wp\/v2\/media\/3420"}],"wp:attachment":[{"href":"https:\/\/e-xact.de\/fr\/wp-json\/wp\/v2\/media?parent=3421"}],"wp:term":[{"taxonomy":"product_brand","embeddable":true,"href":"https:\/\/e-xact.de\/fr\/wp-json\/wp\/v2\/product_brand?post=3421"},{"taxonomy":"product_cat","embeddable":true,"href":"https:\/\/e-xact.de\/fr\/wp-json\/wp\/v2\/product_cat?post=3421"},{"taxonomy":"product_tag","embeddable":true,"href":"https:\/\/e-xact.de\/fr\/wp-json\/wp\/v2\/product_tag?post=3421"}],"curies":[{"name":"wp","href":"https:\/\/api.w.org\/{rel}","templated":true}]}}