{"id":3415,"date":"2022-01-28T16:31:02","date_gmt":"2022-01-28T15:31:02","guid":{"rendered":"https:\/\/e-xact.de\/produkt\/faltvase\/"},"modified":"2025-12-10T13:30:26","modified_gmt":"2025-12-10T12:30:26","slug":"faltvase","status":"publish","type":"product","link":"https:\/\/e-xact.de\/fr\/produit\/faltvase\/","title":{"rendered":"Vase de sol"},"content":{"rendered":"<p>Vase ultra-plate. Une fois remplie d'eau, elle prend forme. La surface ext\u00e9rieure est imprimable individuellement. Ce vase est id\u00e9al comme article de publipostage, car il est plat et l\u00e9ger. Id\u00e9al pour l'h\u00f4tellerie et la restauration, car il est incassable et prend peu de place une fois pli\u00e9 lorsqu'il n'est pas utilis\u00e9.<\/p>","protected":false},"excerpt":{"rendered":"<p>Vase ultra-plate. Une fois remplie d'eau, elle prend forme. La surface ext\u00e9rieure est imprimable individuellement. Ce vase est id\u00e9al comme article de publipostage, car il est plat et l\u00e9ger. Id\u00e9al pour l'h\u00f4tellerie et la restauration, car il est incassable et prend peu de place une fois pli\u00e9 lorsqu'il n'est pas utilis\u00e9.<\/p>","protected":false},"featured_media":3414,"template":"","meta":{"_et_pb_use_builder":"","_et_pb_old_content":"","_et_gb_content_width":""},"product_brand":[],"product_cat":[209],"product_tag":[577,560,578],"class_list":{"0":"post-3415","1":"product","2":"type-product","3":"status-publish","4":"has-post-thumbnail","6":"product_cat-werbewelt","7":"product_tag-blumen","8":"product_tag-mailingartikel","9":"product_tag-onlinehandel","11":"first","12":"instock","13":"shipping-taxable","14":"product-type-simple"},"_links":{"self":[{"href":"https:\/\/e-xact.de\/fr\/wp-json\/wp\/v2\/product\/3415","targetHints":{"allow":["GET"]}}],"collection":[{"href":"https:\/\/e-xact.de\/fr\/wp-json\/wp\/v2\/product"}],"about":[{"href":"https:\/\/e-xact.de\/fr\/wp-json\/wp\/v2\/types\/product"}],"wp:featuredmedia":[{"embeddable":true,"href":"https:\/\/e-xact.de\/fr\/wp-json\/wp\/v2\/media\/3414"}],"wp:attachment":[{"href":"https:\/\/e-xact.de\/fr\/wp-json\/wp\/v2\/media?parent=3415"}],"wp:term":[{"taxonomy":"product_brand","embeddable":true,"href":"https:\/\/e-xact.de\/fr\/wp-json\/wp\/v2\/product_brand?post=3415"},{"taxonomy":"product_cat","embeddable":true,"href":"https:\/\/e-xact.de\/fr\/wp-json\/wp\/v2\/product_cat?post=3415"},{"taxonomy":"product_tag","embeddable":true,"href":"https:\/\/e-xact.de\/fr\/wp-json\/wp\/v2\/product_tag?post=3415"}],"curies":[{"name":"wp","href":"https:\/\/api.w.org\/{rel}","templated":true}]}}