{"id":3413,"date":"2022-01-28T16:30:58","date_gmt":"2022-01-28T15:30:58","guid":{"rendered":"https:\/\/e-xact.de\/produkt\/faltflasche\/"},"modified":"2025-12-10T13:29:37","modified_gmt":"2025-12-10T12:29:37","slug":"faltflasche","status":"publish","type":"product","link":"https:\/\/e-xact.de\/fr\/produit\/faltflasche\/","title":{"rendered":"Bouteille de voyage"},"content":{"rendered":"<p>Bouteille ultra-plate avec bouchon, d\u00e9salt\u00e9rant id\u00e9al en d\u00e9placement. Surface ext\u00e9rieure imprimable avec votre logo. Id\u00e9ale comme article promotionnel par la poste, car plate et l\u00e9g\u00e8re. Les coutures de soudure larges servent en m\u00eame temps de pied. Inclut un mousqueton. Forme standard rectangulaire. Incassable et absolument \u00e9tanche. Contenance : 480 ml.<\/p>","protected":false},"excerpt":{"rendered":"<p>Bouteille ultra-plate avec bouchon, d\u00e9salt\u00e9rant id\u00e9al en d\u00e9placement. Surface ext\u00e9rieure imprimable avec votre logo. Id\u00e9ale comme article promotionnel par la poste, car plate et l\u00e9g\u00e8re. Les coutures de soudure larges servent en m\u00eame temps de pied. Inclut un mousqueton. Forme standard rectangulaire. Incassable et absolument \u00e9tanche. Contenance : 480 ml.<\/p>","protected":false},"featured_media":3412,"template":"","meta":{"_et_pb_use_builder":"","_et_pb_old_content":"","_et_gb_content_width":""},"product_brand":[],"product_cat":[209],"product_tag":[576,574,546,573,575],"class_list":{"0":"post-3413","1":"product","2":"type-product","3":"status-publish","4":"has-post-thumbnail","6":"product_cat-werbewelt","7":"product_tag-kinder","8":"product_tag-outdoor","9":"product_tag-sport","10":"product_tag-trinken","11":"product_tag-unterwegs","13":"first","14":"instock","15":"shipping-taxable","16":"product-type-simple"},"_links":{"self":[{"href":"https:\/\/e-xact.de\/fr\/wp-json\/wp\/v2\/product\/3413","targetHints":{"allow":["GET"]}}],"collection":[{"href":"https:\/\/e-xact.de\/fr\/wp-json\/wp\/v2\/product"}],"about":[{"href":"https:\/\/e-xact.de\/fr\/wp-json\/wp\/v2\/types\/product"}],"wp:featuredmedia":[{"embeddable":true,"href":"https:\/\/e-xact.de\/fr\/wp-json\/wp\/v2\/media\/3412"}],"wp:attachment":[{"href":"https:\/\/e-xact.de\/fr\/wp-json\/wp\/v2\/media?parent=3413"}],"wp:term":[{"taxonomy":"product_brand","embeddable":true,"href":"https:\/\/e-xact.de\/fr\/wp-json\/wp\/v2\/product_brand?post=3413"},{"taxonomy":"product_cat","embeddable":true,"href":"https:\/\/e-xact.de\/fr\/wp-json\/wp\/v2\/product_cat?post=3413"},{"taxonomy":"product_tag","embeddable":true,"href":"https:\/\/e-xact.de\/fr\/wp-json\/wp\/v2\/product_tag?post=3413"}],"curies":[{"name":"wp","href":"https:\/\/api.w.org\/{rel}","templated":true}]}}