{"id":3411,"date":"2022-01-28T16:30:54","date_gmt":"2022-01-28T15:30:54","guid":{"rendered":"https:\/\/e-xact.de\/produkt\/einkaufstasche\/"},"modified":"2025-12-10T13:28:59","modified_gmt":"2025-12-10T12:28:59","slug":"einkaufstasche","status":"publish","type":"product","link":"https:\/\/e-xact.de\/fr\/produit\/einkaufstasche\/","title":{"rendered":"Sac de courses"},"content":{"rendered":"<p>Pas sans mon sac \u00e0 provisions\/shopperbag ! Tu dois l'avoir ! Que ce soit pour faire les courses, pour aller \u00e0 la piscine comme sac \u00e0 bouteilles consign\u00e9es ou tout simplement pour le ranger dans la voiture, ce sac (lavable) est le compagnon utile pour tous. Toutes les tailles\/tous les formats sont possibles. Les couleurs des poign\u00e9es et des coutures lat\u00e9rales peuvent \u00eatre adapt\u00e9es individuellement \u00e0 votre mise en page.<\/p>","protected":false},"excerpt":{"rendered":"<p>Pas sans mon sac \u00e0 provisions\/shopperbag ! Tu dois l'avoir ! Que ce soit pour faire les courses, pour aller \u00e0 la piscine comme sac \u00e0 bouteilles consign\u00e9es ou tout simplement pour le ranger dans la voiture, ce sac (lavable) est le compagnon utile pour tous. Toutes les tailles\/tous les formats sont possibles. Les couleurs des poign\u00e9es et des coutures lat\u00e9rales peuvent \u00eatre adapt\u00e9es individuellement \u00e0 votre mise en page.<\/p>","protected":false},"featured_media":4562,"template":"","meta":{"_et_pb_use_builder":"","_et_pb_old_content":"","_et_gb_content_width":""},"product_brand":[],"product_cat":[209],"product_tag":[572,570,571],"class_list":{"0":"post-3411","1":"product","2":"type-product","3":"status-publish","4":"has-post-thumbnail","6":"product_cat-werbewelt","7":"product_tag-badetasche","8":"product_tag-beutel","9":"product_tag-pfandtasche","11":"first","12":"instock","13":"shipping-taxable","14":"product-type-simple"},"_links":{"self":[{"href":"https:\/\/e-xact.de\/fr\/wp-json\/wp\/v2\/product\/3411","targetHints":{"allow":["GET"]}}],"collection":[{"href":"https:\/\/e-xact.de\/fr\/wp-json\/wp\/v2\/product"}],"about":[{"href":"https:\/\/e-xact.de\/fr\/wp-json\/wp\/v2\/types\/product"}],"wp:featuredmedia":[{"embeddable":true,"href":"https:\/\/e-xact.de\/fr\/wp-json\/wp\/v2\/media\/4562"}],"wp:attachment":[{"href":"https:\/\/e-xact.de\/fr\/wp-json\/wp\/v2\/media?parent=3411"}],"wp:term":[{"taxonomy":"product_brand","embeddable":true,"href":"https:\/\/e-xact.de\/fr\/wp-json\/wp\/v2\/product_brand?post=3411"},{"taxonomy":"product_cat","embeddable":true,"href":"https:\/\/e-xact.de\/fr\/wp-json\/wp\/v2\/product_cat?post=3411"},{"taxonomy":"product_tag","embeddable":true,"href":"https:\/\/e-xact.de\/fr\/wp-json\/wp\/v2\/product_tag?post=3411"}],"curies":[{"name":"wp","href":"https:\/\/api.w.org\/{rel}","templated":true}]}}