{"id":3393,"date":"2023-09-01T12:00:05","date_gmt":"2023-09-01T10:00:05","guid":{"rendered":"https:\/\/e-xact.de\/produkt\/silikonarmbaender-202x12x2mm\/"},"modified":"2025-12-04T13:20:22","modified_gmt":"2025-12-04T12:20:22","slug":"silikonarmbaender-202x12x2mm","status":"publish","type":"product","link":"https:\/\/e-xact.de\/fr\/produit\/silikonarmbaender-202x12x2mm\/","title":{"rendered":"Bracelets en silicone 202x12x2mm"},"content":{"rendered":"<p>Article attractif et \u00e0 la mode avec un caract\u00e8re de style de vie. Article publicitaire id\u00e9al pour les manifestations de bienfaisance, comme bracelet d'entr\u00e9e de festival, pour les \u00e9v\u00e9nements d'entreprise, les manifestations sportives, comme cadeau, comme objet de collection, pour Halloween ou dans le domaine religieux ! Une diversit\u00e9 maximale de couleurs, toutes les couleurs selon Pantone sont r\u00e9alisables de tr\u00e8s pr\u00e8s, aussi bien dans le mat\u00e9riau que dans l'impression. Marquage publicitaire sur demande. 100% Silicone =&gt; Longue dur\u00e9e de vie et impact publicitaire agr\u00e9ablement \u00e9lastique = tr\u00e8s confortable \u00e0 porter. R\u00e9sistant \u00e0 l'eau. Mais toujours, nos bracelets en silicone : 100% sont personnalisables ! peu importe la couleur, l'estampage en creux ou l'impression, monochrome ou multicolore.<\/p>","protected":false},"excerpt":{"rendered":"<p>Attraktiver, modischer Artikel mit Lifestyle Charakter. Idealer Werbeartikel f\u00fcr Benefiz-Veranstaltungen, als Festival- Eintrittsb\u00e4nder, f\u00fcr Firmen-Events, Sport-Veranstaltungen, als Give-Away, als Sammelobjekt, zu Halloween oder im religi\u00f6sen Bereich! Maximale Farbvielfalt, alle Farben nach Pantone sind sehr nahe realisierbar, sowohl im Material als auch im Druck. Werbeanbringung nach Absprache. 100% Silikon =&gt; Lange Lebensdauer und Werbewirkung angenehm elastisch [&hellip;]<\/p>\n","protected":false},"featured_media":4294,"template":"","meta":{"_et_pb_use_builder":"","_et_pb_old_content":"","_et_gb_content_width":""},"product_brand":[],"product_cat":[209],"product_tag":[551,548,553,552,549,550],"class_list":{"0":"post-3393","1":"product","2":"type-product","3":"status-publish","4":"has-post-thumbnail","6":"product_cat-werbewelt","7":"product_tag-armbaender","8":"product_tag-eintrittsbaender","9":"product_tag-silikon","10":"product_tag-silikonarmbaender","11":"product_tag-sportveranstaltungen","12":"product_tag-ticket","14":"first","15":"instock","16":"shipping-taxable","17":"product-type-simple"},"_links":{"self":[{"href":"https:\/\/e-xact.de\/fr\/wp-json\/wp\/v2\/product\/3393","targetHints":{"allow":["GET"]}}],"collection":[{"href":"https:\/\/e-xact.de\/fr\/wp-json\/wp\/v2\/product"}],"about":[{"href":"https:\/\/e-xact.de\/fr\/wp-json\/wp\/v2\/types\/product"}],"wp:featuredmedia":[{"embeddable":true,"href":"https:\/\/e-xact.de\/fr\/wp-json\/wp\/v2\/media\/4294"}],"wp:attachment":[{"href":"https:\/\/e-xact.de\/fr\/wp-json\/wp\/v2\/media?parent=3393"}],"wp:term":[{"taxonomy":"product_brand","embeddable":true,"href":"https:\/\/e-xact.de\/fr\/wp-json\/wp\/v2\/product_brand?post=3393"},{"taxonomy":"product_cat","embeddable":true,"href":"https:\/\/e-xact.de\/fr\/wp-json\/wp\/v2\/product_cat?post=3393"},{"taxonomy":"product_tag","embeddable":true,"href":"https:\/\/e-xact.de\/fr\/wp-json\/wp\/v2\/product_tag?post=3393"}],"curies":[{"name":"wp","href":"https:\/\/api.w.org\/{rel}","templated":true}]}}