{"id":3389,"date":"2023-09-01T11:55:53","date_gmt":"2023-09-01T09:55:53","guid":{"rendered":"https:\/\/e-xact.de\/produkt\/bang-bang-sticks\/"},"modified":"2025-12-09T10:27:37","modified_gmt":"2025-12-09T09:27:37","slug":"bang-bang-sticks","status":"publish","type":"product","link":"https:\/\/e-xact.de\/fr\/produit\/bang-bang-sticks\/","title":{"rendered":"B\u00e2tons Bang Bang"},"content":{"rendered":"<p>Le succ\u00e8s garanti pour votre \u00e9v\u00e9nement : 2 boudins dans un sachet plastique avec paille (\u00e9galement utile pour d\u00e9gonfler) font des Bang Bang Sticks des \u201e instruments de musique \u201c qui attirent l'attention. Se glisse dans toutes les poches. Id\u00e9al comme article promotionnel par courrier.<\/p>","protected":false},"excerpt":{"rendered":"<p>Le succ\u00e8s garanti pour votre \u00e9v\u00e9nement : 2 boudins dans un sachet plastique avec paille (\u00e9galement utile pour d\u00e9gonfler) font des Bang Bang Sticks des \u201e instruments de musique \u201c qui attirent l'attention. Se glisse dans toutes les poches. Id\u00e9al comme article promotionnel par courrier.<\/p>","protected":false},"featured_media":3388,"template":"","meta":{"_et_pb_use_builder":"","_et_pb_old_content":"","_et_gb_content_width":""},"product_brand":[],"product_cat":[209],"product_tag":[1370,545,1368,543,1369,1371,546,544],"class_list":{"0":"post-3389","1":"product","2":"type-product","3":"status-publish","4":"has-post-thumbnail","6":"product_cat-werbewelt","7":"product_tag-anfeuern","8":"product_tag-em","9":"product_tag-fanartikel","10":"product_tag-fussball","11":"product_tag-krachmacher","12":"product_tag-mannschaft","13":"product_tag-sport","14":"product_tag-wm","16":"first","17":"instock","18":"shipping-taxable","19":"product-type-simple"},"_links":{"self":[{"href":"https:\/\/e-xact.de\/fr\/wp-json\/wp\/v2\/product\/3389","targetHints":{"allow":["GET"]}}],"collection":[{"href":"https:\/\/e-xact.de\/fr\/wp-json\/wp\/v2\/product"}],"about":[{"href":"https:\/\/e-xact.de\/fr\/wp-json\/wp\/v2\/types\/product"}],"wp:featuredmedia":[{"embeddable":true,"href":"https:\/\/e-xact.de\/fr\/wp-json\/wp\/v2\/media\/3388"}],"wp:attachment":[{"href":"https:\/\/e-xact.de\/fr\/wp-json\/wp\/v2\/media?parent=3389"}],"wp:term":[{"taxonomy":"product_brand","embeddable":true,"href":"https:\/\/e-xact.de\/fr\/wp-json\/wp\/v2\/product_brand?post=3389"},{"taxonomy":"product_cat","embeddable":true,"href":"https:\/\/e-xact.de\/fr\/wp-json\/wp\/v2\/product_cat?post=3389"},{"taxonomy":"product_tag","embeddable":true,"href":"https:\/\/e-xact.de\/fr\/wp-json\/wp\/v2\/product_tag?post=3389"}],"curies":[{"name":"wp","href":"https:\/\/api.w.org\/{rel}","templated":true}]}}