{"id":25095341,"date":"2026-01-28T10:08:51","date_gmt":"2026-01-28T09:08:51","guid":{"rendered":"https:\/\/e-xact.de\/?post_type=product&#038;p=25095341"},"modified":"2026-01-28T10:08:54","modified_gmt":"2026-01-28T09:08:54","slug":"neu-exact-puzzle-ball-als-schluesselanhaenger","status":"publish","type":"product","link":"https:\/\/e-xact.de\/fr\/produit\/neu-exact-puzzle-ball-als-schluesselanhaenger\/","title":{"rendered":"NEUF ! e!xact Puzzle-Ball porte-cl\u00e9s"},"content":{"rendered":"<p>Le porte-cl\u00e9s Puzzleball est plus qu'un simple accessoire. Il est compos\u00e9 de 24 pi\u00e8ces de puzzle qui forment une boule. Gr\u00e2ce \u00e0 la possibilit\u00e9 d'impression individuelle, le Puzzleball peut \u00eatre imprim\u00e9 avec le design du client, ce qui en fait un article promotionnel, un cadeau ou un message de marque accrocheur parfait. Id\u00e9al pour tous les sports de ballon ou pour les entreprises internationales, par exemple comme globe terrestre.<\/p>","protected":false},"excerpt":{"rendered":"<p>Le porte-cl\u00e9s Puzzleball est plus qu'un simple accessoire. Il est compos\u00e9 de 24 pi\u00e8ces de puzzle qui forment une boule. Gr\u00e2ce \u00e0 la possibilit\u00e9 d'impression individuelle, le Puzzleball peut \u00eatre imprim\u00e9 avec le design du client, ce qui en fait un article promotionnel, un cadeau ou un message de marque accrocheur parfait. Id\u00e9al pour tous les sports de ballon ou pour les entreprises internationales, par exemple comme globe terrestre.<\/p>","protected":false},"featured_media":25095343,"template":"","meta":{"_et_pb_use_builder":"","_et_pb_old_content":"","_et_gb_content_width":""},"product_brand":[],"product_cat":[1301,209],"product_tag":[543,568,1426,560,715,546,951,1425],"class_list":{"0":"post-25095341","1":"product","2":"type-product","3":"status-publish","4":"has-post-thumbnail","6":"product_cat-puzzlewelt","7":"product_cat-werbewelt","8":"product_tag-fussball","9":"product_tag-geduldspiel","10":"product_tag-globus","11":"product_tag-mailingartikel","12":"product_tag-schluesselanhaenger","13":"product_tag-sport","14":"product_tag-streuartikel","15":"product_tag-weltkugel","17":"first","18":"instock","19":"shipping-taxable","20":"product-type-simple"},"_links":{"self":[{"href":"https:\/\/e-xact.de\/fr\/wp-json\/wp\/v2\/product\/25095341","targetHints":{"allow":["GET"]}}],"collection":[{"href":"https:\/\/e-xact.de\/fr\/wp-json\/wp\/v2\/product"}],"about":[{"href":"https:\/\/e-xact.de\/fr\/wp-json\/wp\/v2\/types\/product"}],"wp:featuredmedia":[{"embeddable":true,"href":"https:\/\/e-xact.de\/fr\/wp-json\/wp\/v2\/media\/25095343"}],"wp:attachment":[{"href":"https:\/\/e-xact.de\/fr\/wp-json\/wp\/v2\/media?parent=25095341"}],"wp:term":[{"taxonomy":"product_brand","embeddable":true,"href":"https:\/\/e-xact.de\/fr\/wp-json\/wp\/v2\/product_brand?post=25095341"},{"taxonomy":"product_cat","embeddable":true,"href":"https:\/\/e-xact.de\/fr\/wp-json\/wp\/v2\/product_cat?post=25095341"},{"taxonomy":"product_tag","embeddable":true,"href":"https:\/\/e-xact.de\/fr\/wp-json\/wp\/v2\/product_tag?post=25095341"}],"curies":[{"name":"wp","href":"https:\/\/api.w.org\/{rel}","templated":true}]}}