{"id":25095082,"date":"2025-04-10T12:42:35","date_gmt":"2025-04-10T10:42:35","guid":{"rendered":"https:\/\/e-xact.de\/?post_type=product&#038;p=25095082"},"modified":"2026-01-28T10:23:28","modified_gmt":"2026-01-28T09:23:28","slug":"exact-mini-puzzle","status":"publish","type":"product","link":"https:\/\/e-xact.de\/fr\/produit\/exact-mini-puzzle\/","title":{"rendered":"e!xact MINI-Puzzle"},"content":{"rendered":"<p>Nos mini-puzzles sont compos\u00e9s de 99 pi\u00e8ces et ont un format assembl\u00e9 de 10x14 cm. Disponibles en carte postale, en tube ou en bo\u00eete imprim\u00e9e.<br \/>\nNos puzzles sont fabriqu\u00e9s \u00e0 partir de carton 100% recycl\u00e9, certifi\u00e9 FSC et PEFC. <\/p>","protected":false},"excerpt":{"rendered":"<p>Nos mini-puzzles sont compos\u00e9s de 99 pi\u00e8ces et ont un format une fois assembl\u00e9s de 10x14cm. Disponibles sous forme de carte postale, dans un tube ou dans un coffret imprim\u00e9 Nos puzzles sont fabriqu\u00e9s \u00e0 partir de carton 100% recycl\u00e9 certifi\u00e9 FSC et PEFC.<\/p>","protected":false},"featured_media":25095084,"template":"","meta":{"_et_pb_use_builder":"","_et_pb_old_content":"","_et_gb_content_width":""},"product_brand":[],"product_cat":[1301],"product_tag":[567,568,554,737,560,635,1333,951,1334],"class_list":{"0":"post-25095082","1":"product","2":"type-product","3":"status-publish","4":"has-post-thumbnail","6":"product_cat-puzzlewelt","7":"product_tag-geduld","8":"product_tag-geduldspiel","9":"product_tag-kindergarten","10":"product_tag-kreativitaet","11":"product_tag-mailingartikel","12":"product_tag-puzzle","13":"product_tag-retro","14":"product_tag-streuartikel","15":"product_tag-weihnachten","17":"first","18":"instock","19":"shipping-taxable","20":"product-type-simple"},"_links":{"self":[{"href":"https:\/\/e-xact.de\/fr\/wp-json\/wp\/v2\/product\/25095082","targetHints":{"allow":["GET"]}}],"collection":[{"href":"https:\/\/e-xact.de\/fr\/wp-json\/wp\/v2\/product"}],"about":[{"href":"https:\/\/e-xact.de\/fr\/wp-json\/wp\/v2\/types\/product"}],"wp:featuredmedia":[{"embeddable":true,"href":"https:\/\/e-xact.de\/fr\/wp-json\/wp\/v2\/media\/25095084"}],"wp:attachment":[{"href":"https:\/\/e-xact.de\/fr\/wp-json\/wp\/v2\/media?parent=25095082"}],"wp:term":[{"taxonomy":"product_brand","embeddable":true,"href":"https:\/\/e-xact.de\/fr\/wp-json\/wp\/v2\/product_brand?post=25095082"},{"taxonomy":"product_cat","embeddable":true,"href":"https:\/\/e-xact.de\/fr\/wp-json\/wp\/v2\/product_cat?post=25095082"},{"taxonomy":"product_tag","embeddable":true,"href":"https:\/\/e-xact.de\/fr\/wp-json\/wp\/v2\/product_tag?post=25095082"}],"curies":[{"name":"wp","href":"https:\/\/api.w.org\/{rel}","templated":true}]}}