{"id":5144,"date":"2024-10-01T13:11:47","date_gmt":"2024-10-01T11:11:47","guid":{"rendered":"https:\/\/e-xact.de\/?post_type=product&#038;p=5144"},"modified":"2026-01-28T10:33:34","modified_gmt":"2026-01-28T09:33:34","slug":"exact-chang-ce-holzstab","status":"publish","type":"product","link":"https:\/\/e-xact.de\/en\/product\/exact-chang-ce-holzstab\/","title":{"rendered":"e!xact CHANG\/CE wooden stick"},"content":{"rendered":"<p>The e!xact CHANG\/CE wooden stick is a great gift for employees: the letters G\/C can be rotated on their own axis. All other letters are firmly attached to the wooden stick. This turns the word CHANGE into the word CHANCE. This is a great way for companies to visualise that a change in working life can always be an opportunity. Can also be used very well for recruiting.<\/p>","protected":false},"excerpt":{"rendered":"<p>Der e!xact CHANG\/CE Holzstab ist ein gro\u00dfartiges Mitarbeitergeschenk: Die Buchstaben G\/C k\u00f6nnen um die eigene Achse gedreht werden. Alle anderen Buchstaben sind fest mit dem Holzstab verbunden. Dadurch wird aus dem Wort CHANGE (Ver\u00e4nderung) das Wort CHANCE (Chance). Unternehmen k\u00f6nnen damit sehr sch\u00f6n visualisieren, dass eine Ver\u00e4nderung im Berufsleben auch immer eine Chance sein kann. [&hellip;]<\/p>\n","protected":false},"featured_media":5146,"template":"","meta":{"_et_pb_use_builder":"","_et_pb_old_content":"","_et_gb_content_width":""},"product_brand":[],"product_cat":[209],"product_tag":[1423,1362,756,1427,1361],"class_list":{"0":"post-5144","1":"product","2":"type-product","3":"status-publish","4":"has-post-thumbnail","6":"product_cat-werbewelt","7":"product_tag-azubi","8":"product_tag-holzprodukte","9":"product_tag-holzwuerfel","10":"product_tag-mitarbeiter","11":"product_tag-sonderanfertigung","13":"first","14":"instock","15":"shipping-taxable","16":"product-type-simple"},"_links":{"self":[{"href":"https:\/\/e-xact.de\/en\/wp-json\/wp\/v2\/product\/5144","targetHints":{"allow":["GET"]}}],"collection":[{"href":"https:\/\/e-xact.de\/en\/wp-json\/wp\/v2\/product"}],"about":[{"href":"https:\/\/e-xact.de\/en\/wp-json\/wp\/v2\/types\/product"}],"wp:featuredmedia":[{"embeddable":true,"href":"https:\/\/e-xact.de\/en\/wp-json\/wp\/v2\/media\/5146"}],"wp:attachment":[{"href":"https:\/\/e-xact.de\/en\/wp-json\/wp\/v2\/media?parent=5144"}],"wp:term":[{"taxonomy":"product_brand","embeddable":true,"href":"https:\/\/e-xact.de\/en\/wp-json\/wp\/v2\/product_brand?post=5144"},{"taxonomy":"product_cat","embeddable":true,"href":"https:\/\/e-xact.de\/en\/wp-json\/wp\/v2\/product_cat?post=5144"},{"taxonomy":"product_tag","embeddable":true,"href":"https:\/\/e-xact.de\/en\/wp-json\/wp\/v2\/product_tag?post=5144"}],"curies":[{"name":"wp","href":"https:\/\/api.w.org\/{rel}","templated":true}]}}