{"id":5115,"date":"2023-01-03T14:43:04","date_gmt":"2023-01-03T13:43:04","guid":{"rendered":"https:\/\/e-xact.de\/?post_type=product&#038;p=5115"},"modified":"2025-12-10T15:44:24","modified_gmt":"2025-12-10T14:44:24","slug":"exact-zauberwuerfel-pyramide-49-mm-im-direktdruck-neu","status":"publish","type":"product","link":"https:\/\/e-xact.de\/en\/product\/exact-zauberwuerfel-pyramide-49-mm-im-direktdruck-neu\/","title":{"rendered":"e!xact Zauberw\u00fcrfel &#8211; Pyramide mit Karabiner-Schl\u00fcsselanh\u00e4nger im Direktdruck\/UV Druck"},"content":{"rendered":"<p>The small, handy pyramid pendant is the ideal companion for on the go - practical, eye-catching and customisable. Of course, the pyramid is also available without a key ring and can therefore be used flexibly for any marketing campaign.<\/p>","protected":false},"excerpt":{"rendered":"<p>The small, handy pyramid pendant is the ideal companion for on the go - practical, eye-catching and customisable. Of course, the pyramid is also available without a key ring and can therefore be used flexibly for any marketing campaign.<\/p>","protected":false},"featured_media":5107,"template":"","meta":{"_et_pb_use_builder":"","_et_pb_old_content":"","_et_gb_content_width":""},"product_brand":[],"product_cat":[1301,207],"product_tag":[719,726,1376,567,733,737,732,725,635,724,721,720,722,656,729,1394,650,723,718],"class_list":{"0":"post-5115","1":"product","2":"type-product","3":"status-publish","4":"has-post-thumbnail","6":"product_cat-puzzlewelt","7":"product_cat-wuerfelwelt","8":"product_tag-cube","9":"product_tag-drehwuerfel","10":"product_tag-finanzen","11":"product_tag-geduld","12":"product_tag-komplex","13":"product_tag-kreativitaet","14":"product_tag-loesung","15":"product_tag-magic-cube","16":"product_tag-puzzle","17":"product_tag-rubick","18":"product_tag-rubik","19":"product_tag-rubiks","20":"product_tag-rubix","21":"product_tag-spielzeug","22":"product_tag-suchgeraet","23":"product_tag-versicherung","24":"product_tag-wuerfel","25":"product_tag-zauber","26":"product_tag-zauberwuerfel","28":"first","29":"instock","30":"shipping-taxable","31":"product-type-simple"},"_links":{"self":[{"href":"https:\/\/e-xact.de\/en\/wp-json\/wp\/v2\/product\/5115","targetHints":{"allow":["GET"]}}],"collection":[{"href":"https:\/\/e-xact.de\/en\/wp-json\/wp\/v2\/product"}],"about":[{"href":"https:\/\/e-xact.de\/en\/wp-json\/wp\/v2\/types\/product"}],"wp:featuredmedia":[{"embeddable":true,"href":"https:\/\/e-xact.de\/en\/wp-json\/wp\/v2\/media\/5107"}],"wp:attachment":[{"href":"https:\/\/e-xact.de\/en\/wp-json\/wp\/v2\/media?parent=5115"}],"wp:term":[{"taxonomy":"product_brand","embeddable":true,"href":"https:\/\/e-xact.de\/en\/wp-json\/wp\/v2\/product_brand?post=5115"},{"taxonomy":"product_cat","embeddable":true,"href":"https:\/\/e-xact.de\/en\/wp-json\/wp\/v2\/product_cat?post=5115"},{"taxonomy":"product_tag","embeddable":true,"href":"https:\/\/e-xact.de\/en\/wp-json\/wp\/v2\/product_tag?post=5115"}],"curies":[{"name":"wp","href":"https:\/\/api.w.org\/{rel}","templated":true}]}}