{"id":5101,"date":"2023-01-03T14:35:50","date_gmt":"2023-01-03T13:35:50","guid":{"rendered":"https:\/\/e-xact.de\/?post_type=product&#038;p=5101"},"modified":"2025-12-10T15:36:24","modified_gmt":"2025-12-10T14:36:24","slug":"exact-zauberwuerfel-4x4-60-mm-neu-mit-direktdruck","status":"publish","type":"product","link":"https:\/\/e-xact.de\/en\/product\/exact-zauberwuerfel-4x4-60-mm-neu-mit-direktdruck\/","title":{"rendered":"e!xact Zauberw\u00fcrfel \u2013 4&#215;4 60 mm im Direktdruck\/UV Druck"},"content":{"rendered":"<p>Der Zauberw\u00fcrfel 4&#215;4 \u2013 die gr\u00f6\u00dfere Herausforderung f\u00fcr Puzzle-Fans! Mit seinen 16 Segmenten pro Seite bietet er mehr Kombinationsm\u00f6glichkeiten als der klassische 3&#215;3 W\u00fcrfel und sorgt f\u00fcr extra Spielspa\u00df.<\/p>","protected":false},"excerpt":{"rendered":"<p>Der Zauberw\u00fcrfel 4&#215;4 \u2013 die gr\u00f6\u00dfere Herausforderung f\u00fcr Puzzle-Fans! Mit seinen 16 Segmenten pro Seite bietet er mehr Kombinationsm\u00f6glichkeiten als der klassische 3&#215;3 W\u00fcrfel und sorgt f\u00fcr extra Spielspa\u00df.<\/p>","protected":false},"featured_media":5103,"template":"","meta":{"_et_pb_use_builder":"","_et_pb_old_content":"","_et_gb_content_width":""},"product_brand":[],"product_cat":[207],"product_tag":[1393,719,726,734,733,732,635,724,721,722,736,656,735,650,723,718],"class_list":{"0":"post-5101","1":"product","2":"type-product","3":"status-publish","4":"has-post-thumbnail","6":"product_cat-wuerfelwelt","7":"product_tag-4x4","8":"product_tag-cube","9":"product_tag-drehwuerfel","10":"product_tag-genie","11":"product_tag-komplex","12":"product_tag-loesung","13":"product_tag-puzzle","14":"product_tag-rubick","15":"product_tag-rubik","16":"product_tag-rubix","17":"product_tag-schwer-loesbar","18":"product_tag-spielzeug","19":"product_tag-unloesbar","20":"product_tag-wuerfel","21":"product_tag-zauber","22":"product_tag-zauberwuerfel","24":"first","25":"instock","26":"shipping-taxable","27":"product-type-simple"},"_links":{"self":[{"href":"https:\/\/e-xact.de\/en\/wp-json\/wp\/v2\/product\/5101","targetHints":{"allow":["GET"]}}],"collection":[{"href":"https:\/\/e-xact.de\/en\/wp-json\/wp\/v2\/product"}],"about":[{"href":"https:\/\/e-xact.de\/en\/wp-json\/wp\/v2\/types\/product"}],"wp:featuredmedia":[{"embeddable":true,"href":"https:\/\/e-xact.de\/en\/wp-json\/wp\/v2\/media\/5103"}],"wp:attachment":[{"href":"https:\/\/e-xact.de\/en\/wp-json\/wp\/v2\/media?parent=5101"}],"wp:term":[{"taxonomy":"product_brand","embeddable":true,"href":"https:\/\/e-xact.de\/en\/wp-json\/wp\/v2\/product_brand?post=5101"},{"taxonomy":"product_cat","embeddable":true,"href":"https:\/\/e-xact.de\/en\/wp-json\/wp\/v2\/product_cat?post=5101"},{"taxonomy":"product_tag","embeddable":true,"href":"https:\/\/e-xact.de\/en\/wp-json\/wp\/v2\/product_tag?post=5101"}],"curies":[{"name":"wp","href":"https:\/\/api.w.org\/{rel}","templated":true}]}}