{"id":4749,"date":"2023-01-03T14:50:23","date_gmt":"2023-01-03T13:50:23","guid":{"rendered":"https:\/\/e-xact.de\/?post_type=product&#038;p=4749"},"modified":"2025-12-12T13:20:53","modified_gmt":"2025-12-12T12:20:53","slug":"exact-klappwuerfel-dose-113-mm","status":"publish","type":"product","link":"https:\/\/e-xact.de\/en\/product\/exact-klappwuerfel-dose-113-mm\/","title":{"rendered":"e!xact folding cube DOSE"},"content":{"rendered":"<p>Unser Klappw\u00fcrfel im Dosenformat \u00fcberrascht mit einer einzigartigen Verwandlungsf\u00e4higkeit. Auf den ersten Blick sieht er aus wie eine schlichte, kompakte Dose \u2013 doch kaum nimmt man ihn in die Hand, entfaltet er sich zu einer Vielzahl faszinierender Formen.<\/p>\n<p>Mit jeder Bewegung entstehen neue Strukturen und \u00fcberraschende Figuren, die Kreativit\u00e4t wecken und zum spielerischen Entdecken einladen. Ein modernes, vielseitiges Designobjekt, das begeistert und immer wieder aufs Neue verbl\u00fcfft.<\/p>","protected":false},"excerpt":{"rendered":"<p>Unser Klappw\u00fcrfel im Dosenformat \u00fcberrascht mit einer einzigartigen Verwandlungsf\u00e4higkeit. Auf den ersten Blick sieht er aus wie eine schlichte, kompakte Dose \u2013 doch kaum nimmt man ihn in die Hand, entfaltet er sich zu einer Vielzahl faszinierender Formen. Mit jeder Bewegung entstehen neue Strukturen und \u00fcberraschende Figuren, die Kreativit\u00e4t wecken und zum spielerischen Entdecken einladen. [&hellip;]<\/p>\n","protected":false},"featured_media":25095281,"template":"","meta":{"_et_pb_use_builder":"","_et_pb_old_content":"","_et_gb_content_width":""},"product_brand":[],"product_cat":[207],"product_tag":[1382,1404,719,1403,751,690,1405,749,750,733,737,725,656,1406,650],"class_list":{"0":"post-4749","1":"product","2":"type-product","3":"status-publish","4":"has-post-thumbnail","6":"product_cat-wuerfelwelt","7":"product_tag-brille","8":"product_tag-coladose","9":"product_tag-cube","10":"product_tag-duplo","11":"product_tag-faltwerk","12":"product_tag-getraenk","13":"product_tag-kaffee","14":"product_tag-klapp","15":"product_tag-klappwuerfel","16":"product_tag-komplex","17":"product_tag-kreativitaet","18":"product_tag-magic-cube","19":"product_tag-spielzeug","20":"product_tag-touchmore","21":"product_tag-wuerfel","23":"first","24":"instock","25":"shipping-taxable","26":"product-type-simple"},"_links":{"self":[{"href":"https:\/\/e-xact.de\/en\/wp-json\/wp\/v2\/product\/4749","targetHints":{"allow":["GET"]}}],"collection":[{"href":"https:\/\/e-xact.de\/en\/wp-json\/wp\/v2\/product"}],"about":[{"href":"https:\/\/e-xact.de\/en\/wp-json\/wp\/v2\/types\/product"}],"wp:featuredmedia":[{"embeddable":true,"href":"https:\/\/e-xact.de\/en\/wp-json\/wp\/v2\/media\/25095281"}],"wp:attachment":[{"href":"https:\/\/e-xact.de\/en\/wp-json\/wp\/v2\/media?parent=4749"}],"wp:term":[{"taxonomy":"product_brand","embeddable":true,"href":"https:\/\/e-xact.de\/en\/wp-json\/wp\/v2\/product_brand?post=4749"},{"taxonomy":"product_cat","embeddable":true,"href":"https:\/\/e-xact.de\/en\/wp-json\/wp\/v2\/product_cat?post=4749"},{"taxonomy":"product_tag","embeddable":true,"href":"https:\/\/e-xact.de\/en\/wp-json\/wp\/v2\/product_tag?post=4749"}],"curies":[{"name":"wp","href":"https:\/\/api.w.org\/{rel}","templated":true}]}}