{"id":4698,"date":"2023-01-03T14:25:42","date_gmt":"2023-01-03T13:25:42","guid":{"rendered":"https:\/\/e-xact.de\/?post_type=product&#038;p=4698"},"modified":"2025-12-10T15:34:05","modified_gmt":"2025-12-10T14:34:05","slug":"exact-zauberwuerfel-2x2-30mm-im-direktdruck","status":"publish","type":"product","link":"https:\/\/e-xact.de\/en\/product\/exact-zauberwuerfel-2x2-30mm-im-direktdruck\/","title":{"rendered":"e!xact Zauberw\u00fcrfel &#8211; 2&#215;2 50mm im Direktdruck\/UV Druck"},"content":{"rendered":"<p>Der Zauberw\u00fcrfel 2&#215;2 \u2013 klein, kompakt und perfekt f\u00fcr Einsteiger oder als handlicher Werbeartikel. Trotz seiner Gr\u00f6\u00dfe bietet er jede Menge Spa\u00df und ist ideal, um Logos oder individuelle Motive auf brillante Weise zu pr\u00e4sentieren.<br \/>\nDank hochwertigem Direktdruck entsteht ein durchg\u00e4ngiges, farbstarkes Druckbild, das Ihre Botschaft klar und auff\u00e4llig transportiert.<\/p>","protected":false},"excerpt":{"rendered":"<p>Der Zauberw\u00fcrfel 2&#215;2 \u2013 klein, kompakt und perfekt f\u00fcr Einsteiger oder als handlicher Werbeartikel. Trotz seiner Gr\u00f6\u00dfe bietet er jede Menge Spa\u00df und ist ideal, um Logos oder individuelle Motive auf brillante Weise zu pr\u00e4sentieren. Dank hochwertigem Direktdruck entsteht ein durchg\u00e4ngiges, farbstarkes Druckbild, das Ihre Botschaft klar und auff\u00e4llig transportiert.<\/p>","protected":false},"featured_media":4756,"template":"","meta":{"_et_pb_use_builder":"","_et_pb_old_content":"","_et_gb_content_width":""},"product_brand":[],"product_cat":[207],"product_tag":[1392,719,726,567,734,733,737,732,635,724,721,722,523,736,656,729,735,650,723,718],"class_list":{"0":"post-4698","1":"product","2":"type-product","3":"status-publish","4":"has-post-thumbnail","6":"product_cat-wuerfelwelt","7":"product_tag-briefbeschwerer","8":"product_tag-cube","9":"product_tag-drehwuerfel","10":"product_tag-geduld","11":"product_tag-genie","12":"product_tag-komplex","13":"product_tag-kreativitaet","14":"product_tag-loesung","15":"product_tag-puzzle","16":"product_tag-rubick","17":"product_tag-rubik","18":"product_tag-rubix","19":"product_tag-schreibtisch","20":"product_tag-schwer-loesbar","21":"product_tag-spielzeug","22":"product_tag-suchgeraet","23":"product_tag-unloesbar","24":"product_tag-wuerfel","25":"product_tag-zauber","26":"product_tag-zauberwuerfel","28":"first","29":"instock","30":"shipping-taxable","31":"product-type-simple"},"_links":{"self":[{"href":"https:\/\/e-xact.de\/en\/wp-json\/wp\/v2\/product\/4698","targetHints":{"allow":["GET"]}}],"collection":[{"href":"https:\/\/e-xact.de\/en\/wp-json\/wp\/v2\/product"}],"about":[{"href":"https:\/\/e-xact.de\/en\/wp-json\/wp\/v2\/types\/product"}],"wp:featuredmedia":[{"embeddable":true,"href":"https:\/\/e-xact.de\/en\/wp-json\/wp\/v2\/media\/4756"}],"wp:attachment":[{"href":"https:\/\/e-xact.de\/en\/wp-json\/wp\/v2\/media?parent=4698"}],"wp:term":[{"taxonomy":"product_brand","embeddable":true,"href":"https:\/\/e-xact.de\/en\/wp-json\/wp\/v2\/product_brand?post=4698"},{"taxonomy":"product_cat","embeddable":true,"href":"https:\/\/e-xact.de\/en\/wp-json\/wp\/v2\/product_cat?post=4698"},{"taxonomy":"product_tag","embeddable":true,"href":"https:\/\/e-xact.de\/en\/wp-json\/wp\/v2\/product_tag?post=4698"}],"curies":[{"name":"wp","href":"https:\/\/api.w.org\/{rel}","templated":true}]}}