{"id":4694,"date":"2023-01-03T14:20:46","date_gmt":"2023-01-03T13:20:46","guid":{"rendered":"https:\/\/e-xact.de\/?post_type=product&#038;p=4694"},"modified":"2025-12-10T15:50:44","modified_gmt":"2025-12-10T14:50:44","slug":"exact-zauberwuerfel-2x2-50mm-im-direktdruck","status":"publish","type":"product","link":"https:\/\/e-xact.de\/en\/product\/exact-zauberwuerfel-2x2-50mm-im-direktdruck\/","title":{"rendered":"e!xact Zauberw\u00fcrfel &#8211; 2&#215;2 30mm als Schl\u00fcsselanh\u00e4nger im Direktdruck\/UV Druck"},"content":{"rendered":"<p>Zauberw\u00fcrfel 2&#215;2 als Schl\u00fcsselanh\u00e4nger \u2013 kompakt, praktisch und voller Spielspa\u00df! Ideal, um Logos, Motive oder Botschaften auf kreative Weise zu pr\u00e4sentieren.<br \/>\nDank hochwertigem Direktdruck entsteht ein brillantes, durchg\u00e4ngiges Druckbild, das auch auf kleiner Fl\u00e4che perfekt wirkt. Der handliche Schl\u00fcsselanh\u00e4nger ist ein echter Hingucker f\u00fcr unterwegs \u2013 und sorgt daf\u00fcr, dass Ihre Marke immer pr\u00e4sent ist.<\/p>","protected":false},"excerpt":{"rendered":"<p>Zauberw\u00fcrfel 2&#215;2 als Schl\u00fcsselanh\u00e4nger \u2013 kompakt, praktisch und voller Spielspa\u00df! Ideal, um Logos, Motive oder Botschaften auf kreative Weise zu pr\u00e4sentieren. Dank hochwertigem Direktdruck entsteht ein brillantes, durchg\u00e4ngiges Druckbild, das auch auf kleiner Fl\u00e4che perfekt wirkt. Der handliche Schl\u00fcsselanh\u00e4nger ist ein echter Hingucker f\u00fcr unterwegs \u2013 und sorgt daf\u00fcr, dass Ihre Marke immer pr\u00e4sent ist.<\/p>","protected":false},"featured_media":4696,"template":"","meta":{"_et_pb_use_builder":"","_et_pb_old_content":"","_et_gb_content_width":""},"product_brand":[],"product_cat":[207],"product_tag":[719,726,717,1338,567,750,733,737,732,635,724,721,720,722,1395,533,656,650,723,718],"class_list":{"0":"post-4694","1":"product","2":"type-product","3":"status-publish","4":"has-post-thumbnail","6":"product_cat-wuerfelwelt","7":"product_tag-cube","8":"product_tag-drehwuerfel","9":"product_tag-exact","10":"product_tag-einschulung","11":"product_tag-geduld","12":"product_tag-klappwuerfel","13":"product_tag-komplex","14":"product_tag-kreativitaet","15":"product_tag-loesung","16":"product_tag-puzzle","17":"product_tag-rubick","18":"product_tag-rubik","19":"product_tag-rubiks","20":"product_tag-rubix","21":"product_tag-schulanfang","22":"product_tag-schueler","23":"product_tag-spielzeug","24":"product_tag-wuerfel","25":"product_tag-zauber","26":"product_tag-zauberwuerfel","28":"first","29":"instock","30":"shipping-taxable","31":"product-type-simple"},"_links":{"self":[{"href":"https:\/\/e-xact.de\/en\/wp-json\/wp\/v2\/product\/4694","targetHints":{"allow":["GET"]}}],"collection":[{"href":"https:\/\/e-xact.de\/en\/wp-json\/wp\/v2\/product"}],"about":[{"href":"https:\/\/e-xact.de\/en\/wp-json\/wp\/v2\/types\/product"}],"wp:featuredmedia":[{"embeddable":true,"href":"https:\/\/e-xact.de\/en\/wp-json\/wp\/v2\/media\/4696"}],"wp:attachment":[{"href":"https:\/\/e-xact.de\/en\/wp-json\/wp\/v2\/media?parent=4694"}],"wp:term":[{"taxonomy":"product_brand","embeddable":true,"href":"https:\/\/e-xact.de\/en\/wp-json\/wp\/v2\/product_brand?post=4694"},{"taxonomy":"product_cat","embeddable":true,"href":"https:\/\/e-xact.de\/en\/wp-json\/wp\/v2\/product_cat?post=4694"},{"taxonomy":"product_tag","embeddable":true,"href":"https:\/\/e-xact.de\/en\/wp-json\/wp\/v2\/product_tag?post=4694"}],"curies":[{"name":"wp","href":"https:\/\/api.w.org\/{rel}","templated":true}]}}