{"id":4633,"date":"2023-01-03T15:20:36","date_gmt":"2023-01-03T14:20:36","guid":{"rendered":"https:\/\/e-xact.de\/?post_type=product&#038;p=4633"},"modified":"2025-12-10T14:13:02","modified_gmt":"2025-12-10T13:13:02","slug":"exact-zauberwuerfel-neu-im-direktdruck","status":"publish","type":"product","link":"https:\/\/e-xact.de\/en\/product\/exact-zauberwuerfel-neu-im-direktdruck\/","title":{"rendered":"e!xact Zauberw\u00fcrfel &#8211; 3&#215;3 35mm Schl\u00fcsselanh\u00e4nger im Direktdruck\/UV Druck"},"content":{"rendered":"<p>Our magic cubes with practical carabiner keyring - now available with high-quality direct printing. This means that the magic cube keyring can also be customised with a QR code.<\/p>","protected":false},"excerpt":{"rendered":"<p>Our magic cubes with practical carabiner keyring - now available with high-quality direct printing. This means that the magic cube keyring can also be customised with a QR code.<\/p>","protected":false},"featured_media":25095275,"template":"","meta":{"_et_pb_use_builder":"","_et_pb_old_content":"","_et_gb_content_width":""},"product_brand":[],"product_cat":[207],"product_tag":[719,726,567,734,733,737,732,730,635,1391,724,720,722,637,533,656,735,650,723,718],"class_list":{"0":"post-4633","1":"product","2":"type-product","3":"status-publish","4":"has-post-thumbnail","6":"product_cat-wuerfelwelt","7":"product_tag-cube","8":"product_tag-drehwuerfel","9":"product_tag-geduld","10":"product_tag-genie","11":"product_tag-komplex","12":"product_tag-kreativitaet","13":"product_tag-loesung","14":"product_tag-mathematik","15":"product_tag-puzzle","16":"product_tag-qr-code","17":"product_tag-rubick","18":"product_tag-rubiks","19":"product_tag-rubix","20":"product_tag-schule","21":"product_tag-schueler","22":"product_tag-spielzeug","23":"product_tag-unloesbar","24":"product_tag-wuerfel","25":"product_tag-zauber","26":"product_tag-zauberwuerfel","28":"first","29":"instock","30":"shipping-taxable","31":"product-type-simple"},"_links":{"self":[{"href":"https:\/\/e-xact.de\/en\/wp-json\/wp\/v2\/product\/4633","targetHints":{"allow":["GET"]}}],"collection":[{"href":"https:\/\/e-xact.de\/en\/wp-json\/wp\/v2\/product"}],"about":[{"href":"https:\/\/e-xact.de\/en\/wp-json\/wp\/v2\/types\/product"}],"wp:featuredmedia":[{"embeddable":true,"href":"https:\/\/e-xact.de\/en\/wp-json\/wp\/v2\/media\/25095275"}],"wp:attachment":[{"href":"https:\/\/e-xact.de\/en\/wp-json\/wp\/v2\/media?parent=4633"}],"wp:term":[{"taxonomy":"product_brand","embeddable":true,"href":"https:\/\/e-xact.de\/en\/wp-json\/wp\/v2\/product_brand?post=4633"},{"taxonomy":"product_cat","embeddable":true,"href":"https:\/\/e-xact.de\/en\/wp-json\/wp\/v2\/product_cat?post=4633"},{"taxonomy":"product_tag","embeddable":true,"href":"https:\/\/e-xact.de\/en\/wp-json\/wp\/v2\/product_tag?post=4633"}],"curies":[{"name":"wp","href":"https:\/\/api.w.org\/{rel}","templated":true}]}}