{"id":4596,"date":"2023-01-03T14:45:01","date_gmt":"2023-01-03T13:45:01","guid":{"rendered":"https:\/\/e-xact.de\/?post_type=product&#038;p=4596"},"modified":"2025-12-11T12:51:17","modified_gmt":"2025-12-11T11:51:17","slug":"exact-klappwuerfel-container-kopie","status":"publish","type":"product","link":"https:\/\/e-xact.de\/en\/product\/exact-klappwuerfel-container-kopie\/","title":{"rendered":"e!xact folding cube container 12x6x6cm"},"content":{"rendered":"<p>Der Klappw\u00fcrfel-Container \u00fcberzeugt mit seinem modernen, klaren Design und seiner einzigartigen Faltmechanik.<br \/>\nDurch seine Ma\u00dfe von 12 \u00d7 6 \u00d7 6 cm liegt er perfekt in der Hand und bietet genug Fl\u00e4che, um kreative Muster und dynamische Transformationen zu erleben. Ideal als stylisches Desk-Toy, als entspannendes Anti-Stress-Objekt oder einfach als moderner Hingucker. Auch in der Gr\u00f6\u00dfe 10x5x5cm erh\u00e4ltlich.<\/p>","protected":false},"excerpt":{"rendered":"<p>Der Klappw\u00fcrfel-Container \u00fcberzeugt mit seinem modernen, klaren Design und seiner einzigartigen Faltmechanik. Durch seine Ma\u00dfe von 12 \u00d7 6 \u00d7 6 cm liegt er perfekt in der Hand und bietet genug Fl\u00e4che, um kreative Muster und dynamische Transformationen zu erleben. Ideal als stylisches Desk-Toy, als entspannendes Anti-Stress-Objekt oder einfach als moderner Hingucker. Auch in der [&hellip;]<\/p>\n","protected":false},"featured_media":4608,"template":"","meta":{"_et_pb_use_builder":"","_et_pb_old_content":"","_et_gb_content_width":""},"product_brand":[],"product_cat":[207],"product_tag":[1400,751,1402,750,725,1380,1379,1401,1378],"class_list":{"0":"post-4596","1":"product","2":"type-product","3":"status-publish","4":"has-post-thumbnail","6":"product_cat-wuerfelwelt","7":"product_tag-container","8":"product_tag-faltwerk","9":"product_tag-import","10":"product_tag-klappwuerfel","11":"product_tag-magic-cube","12":"product_tag-mitarbeiterschulung","13":"product_tag-produkteinfuehrung","14":"product_tag-seefracht","15":"product_tag-spedition","17":"first","18":"instock","19":"shipping-taxable","20":"product-type-simple"},"_links":{"self":[{"href":"https:\/\/e-xact.de\/en\/wp-json\/wp\/v2\/product\/4596","targetHints":{"allow":["GET"]}}],"collection":[{"href":"https:\/\/e-xact.de\/en\/wp-json\/wp\/v2\/product"}],"about":[{"href":"https:\/\/e-xact.de\/en\/wp-json\/wp\/v2\/types\/product"}],"wp:featuredmedia":[{"embeddable":true,"href":"https:\/\/e-xact.de\/en\/wp-json\/wp\/v2\/media\/4608"}],"wp:attachment":[{"href":"https:\/\/e-xact.de\/en\/wp-json\/wp\/v2\/media?parent=4596"}],"wp:term":[{"taxonomy":"product_brand","embeddable":true,"href":"https:\/\/e-xact.de\/en\/wp-json\/wp\/v2\/product_brand?post=4596"},{"taxonomy":"product_cat","embeddable":true,"href":"https:\/\/e-xact.de\/en\/wp-json\/wp\/v2\/product_cat?post=4596"},{"taxonomy":"product_tag","embeddable":true,"href":"https:\/\/e-xact.de\/en\/wp-json\/wp\/v2\/product_tag?post=4596"}],"curies":[{"name":"wp","href":"https:\/\/api.w.org\/{rel}","templated":true}]}}