{"id":4219,"date":"2022-11-10T12:25:59","date_gmt":"2022-11-10T11:25:59","guid":{"rendered":"https:\/\/e-xact.de\/?post_type=product&#038;p=4219"},"modified":"2025-12-04T14:00:20","modified_gmt":"2025-12-04T13:00:20","slug":"mikrofaser-mouse-pad","status":"publish","type":"product","link":"https:\/\/e-xact.de\/en\/product\/mikrofaser-mouse-pad\/","title":{"rendered":"Microfibre with silicone dots"},"content":{"rendered":"<p>Our microfibre cloths become a practical mouse pad when they are optionally finished with silicone dots on the back for an extra charge. This practical mouse pad can also be used as a screen protector for a laptop. In addition to the classic formats, all other formats are also possible. The silicone dots can be applied in the customer's shape and colour. Printing in photo quality on one side.<\/p>","protected":false},"excerpt":{"rendered":"<p>Unsere Mikrofasert\u00fccher werden zum praktischen Mouse Pad, wenn man sie optional gegen Aufpreis mit Silikonpunkten auf der R\u00fcckseite veredelt. Dieses praktische Mouse Pad kann auch sehr gut als Bildschirmschutz f\u00fcr den Laptop eingesetzt werden. Neben den klassischen Formaten sind auch alle anderen Formate m\u00f6glich. Die Silikonpunkte k\u00f6nnen in Kundenform und Kundenfarbe aufgebracht werden. Bedruckung in [&hellip;]<\/p>\n","protected":false},"featured_media":4220,"template":"","meta":{"_et_pb_use_builder":"","_et_pb_old_content":"","_et_gb_content_width":""},"product_brand":[],"product_cat":[208],"product_tag":[614,1211,1212,522,1209,1210,778],"class_list":{"0":"post-4219","1":"product","2":"type-product","3":"status-publish","4":"has-post-thumbnail","6":"product_cat-mikrofaserwelt","7":"product_tag-computer","8":"product_tag-desk-2","9":"product_tag-gaming-2","10":"product_tag-homeoffice","11":"product_tag-microfser","12":"product_tag-mouse-pad","13":"product_tag-mousepad","15":"first","16":"instock","17":"shipping-taxable","18":"product-type-simple"},"_links":{"self":[{"href":"https:\/\/e-xact.de\/en\/wp-json\/wp\/v2\/product\/4219","targetHints":{"allow":["GET"]}}],"collection":[{"href":"https:\/\/e-xact.de\/en\/wp-json\/wp\/v2\/product"}],"about":[{"href":"https:\/\/e-xact.de\/en\/wp-json\/wp\/v2\/types\/product"}],"wp:featuredmedia":[{"embeddable":true,"href":"https:\/\/e-xact.de\/en\/wp-json\/wp\/v2\/media\/4220"}],"wp:attachment":[{"href":"https:\/\/e-xact.de\/en\/wp-json\/wp\/v2\/media?parent=4219"}],"wp:term":[{"taxonomy":"product_brand","embeddable":true,"href":"https:\/\/e-xact.de\/en\/wp-json\/wp\/v2\/product_brand?post=4219"},{"taxonomy":"product_cat","embeddable":true,"href":"https:\/\/e-xact.de\/en\/wp-json\/wp\/v2\/product_cat?post=4219"},{"taxonomy":"product_tag","embeddable":true,"href":"https:\/\/e-xact.de\/en\/wp-json\/wp\/v2\/product_tag?post=4219"}],"curies":[{"name":"wp","href":"https:\/\/api.w.org\/{rel}","templated":true}]}}