{"id":4178,"date":"2023-09-01T11:40:39","date_gmt":"2023-09-01T09:40:39","guid":{"rendered":"https:\/\/e-xact.de\/?post_type=product&#038;p=4178"},"modified":"2025-12-04T13:21:38","modified_gmt":"2025-12-04T12:21:38","slug":"exact-bommelmuetze","status":"publish","type":"product","link":"https:\/\/e-xact.de\/en\/product\/exact-bommelmuetze\/","title":{"rendered":"e!xact bobble hat"},"content":{"rendered":"<div data-canvas-width=\"174.55200000000005\">\n<p>Hier ist unser SUPERKNALLER f\u00fcr die WM:<\/p>\n<p>Entdecken Sie die neue Bommelm\u00fctze von e!xact f\u00fcr alle Winter Events \u2013 ein absoluter Hingucker zum Wohlf\u00fchlen beim Public Viewing. Unsere doppelt gestrickte M\u00fctze ist aus 100% Polyacryl, hat einen klassischen Umschlag und eine lustige Bommel. Individuelle Farben in Pantone und eine Stickerei auf dem Umschlag m\u00f6glich.<\/p>\n<p>Super geeignet f\u00fcr Wintersport Ereignisse \u2013 bekennen Sie Farbe und feuern Sie Ihre Mannschaft an \u2013 mit warmen Ohren!<\/p>\n<\/div>","protected":false},"excerpt":{"rendered":"<p>Hier ist unser SUPERKNALLER f\u00fcr die WM: Entdecken Sie die neue Bommelm\u00fctze von e!xact f\u00fcr alle Winter Events \u2013 ein absoluter Hingucker zum Wohlf\u00fchlen beim Public Viewing. Unsere doppelt gestrickte M\u00fctze ist aus 100% Polyacryl, hat einen klassischen Umschlag und eine lustige Bommel. Individuelle Farben in Pantone und eine Stickerei auf dem Umschlag m\u00f6glich. Super [&hellip;]<\/p>\n","protected":false},"featured_media":4182,"template":"","meta":{"_et_pb_use_builder":"","_et_pb_old_content":"","_et_gb_content_width":""},"product_brand":[],"product_cat":[209],"product_tag":[545,543,546,544],"class_list":{"0":"post-4178","1":"product","2":"type-product","3":"status-publish","4":"has-post-thumbnail","6":"product_cat-werbewelt","7":"product_tag-em","8":"product_tag-fussball","9":"product_tag-sport","10":"product_tag-wm","12":"first","13":"instock","14":"shipping-taxable","15":"product-type-simple"},"_links":{"self":[{"href":"https:\/\/e-xact.de\/en\/wp-json\/wp\/v2\/product\/4178","targetHints":{"allow":["GET"]}}],"collection":[{"href":"https:\/\/e-xact.de\/en\/wp-json\/wp\/v2\/product"}],"about":[{"href":"https:\/\/e-xact.de\/en\/wp-json\/wp\/v2\/types\/product"}],"wp:featuredmedia":[{"embeddable":true,"href":"https:\/\/e-xact.de\/en\/wp-json\/wp\/v2\/media\/4182"}],"wp:attachment":[{"href":"https:\/\/e-xact.de\/en\/wp-json\/wp\/v2\/media?parent=4178"}],"wp:term":[{"taxonomy":"product_brand","embeddable":true,"href":"https:\/\/e-xact.de\/en\/wp-json\/wp\/v2\/product_brand?post=4178"},{"taxonomy":"product_cat","embeddable":true,"href":"https:\/\/e-xact.de\/en\/wp-json\/wp\/v2\/product_cat?post=4178"},{"taxonomy":"product_tag","embeddable":true,"href":"https:\/\/e-xact.de\/en\/wp-json\/wp\/v2\/product_tag?post=4178"}],"curies":[{"name":"wp","href":"https:\/\/api.w.org\/{rel}","templated":true}]}}