{"id":4161,"date":"2022-11-10T10:13:08","date_gmt":"2022-11-10T09:13:08","guid":{"rendered":"https:\/\/e-xact.de\/?post_type=product&#038;p=4161"},"modified":"2025-12-18T15:07:14","modified_gmt":"2025-12-18T14:07:14","slug":"exact-magnetic-wuerfel","status":"publish","type":"product","link":"https:\/\/e-xact.de\/en\/product\/exact-magnetic-wuerfel\/","title":{"rendered":"e!xact Magnetic cube"},"content":{"rendered":"<p>The Magnetic Cube is a magnetic fidget toy that consists of 36 individual magnets and can be transformed into an infinite number of different shapes. Every time you hold the cube in your hand, you will be surprised by its malleable and flexible properties. It can be twisted, pulled, folded and bent to form different geometric structures that are both visually and tactilely captivating. It can be used to build small sculptures in sets of 2 or 3.<\/p>","protected":false},"excerpt":{"rendered":"<p>Der Magnetic W\u00fcrfel ist ein magnetisches Fidget Toy, das aus 36 einzelnen Magneten besteht und sich in unendlich viele verschiedene Formen transformieren l\u00e4sst. Jedes Mal, wenn du den W\u00fcrfel in der Hand h\u00e4ltst, wirst du von seinen formbaren und flexiblen Eigenschaften \u00fcberrascht. Er l\u00e4sst sich drehen, ziehen, falten und biegen, um verschiedene geometrische Strukturen zu [&hellip;]<\/p>\n","protected":false},"featured_media":4163,"template":"","meta":{"_et_pb_use_builder":"","_et_pb_old_content":"","_et_gb_content_width":""},"product_brand":[],"product_cat":[207],"product_tag":[719,733,737,725,635,721,720,1416,727,656,650,723,718],"class_list":{"0":"post-4161","1":"product","2":"type-product","3":"status-publish","4":"has-post-thumbnail","6":"product_cat-wuerfelwelt","7":"product_tag-cube","8":"product_tag-komplex","9":"product_tag-kreativitaet","10":"product_tag-magic-cube","11":"product_tag-puzzle","12":"product_tag-rubik","13":"product_tag-rubiks","14":"product_tag-shashibo","15":"product_tag-spielsachen","16":"product_tag-spielzeug","17":"product_tag-wuerfel","18":"product_tag-zauber","19":"product_tag-zauberwuerfel","21":"first","22":"instock","23":"shipping-taxable","24":"product-type-simple"},"_links":{"self":[{"href":"https:\/\/e-xact.de\/en\/wp-json\/wp\/v2\/product\/4161","targetHints":{"allow":["GET"]}}],"collection":[{"href":"https:\/\/e-xact.de\/en\/wp-json\/wp\/v2\/product"}],"about":[{"href":"https:\/\/e-xact.de\/en\/wp-json\/wp\/v2\/types\/product"}],"wp:featuredmedia":[{"embeddable":true,"href":"https:\/\/e-xact.de\/en\/wp-json\/wp\/v2\/media\/4163"}],"wp:attachment":[{"href":"https:\/\/e-xact.de\/en\/wp-json\/wp\/v2\/media?parent=4161"}],"wp:term":[{"taxonomy":"product_brand","embeddable":true,"href":"https:\/\/e-xact.de\/en\/wp-json\/wp\/v2\/product_brand?post=4161"},{"taxonomy":"product_cat","embeddable":true,"href":"https:\/\/e-xact.de\/en\/wp-json\/wp\/v2\/product_cat?post=4161"},{"taxonomy":"product_tag","embeddable":true,"href":"https:\/\/e-xact.de\/en\/wp-json\/wp\/v2\/product_tag?post=4161"}],"curies":[{"name":"wp","href":"https:\/\/api.w.org\/{rel}","templated":true}]}}