{"id":3808,"date":"2022-11-10T10:28:00","date_gmt":"2022-11-10T09:28:00","guid":{"rendered":"https:\/\/e-xact.de\/?post_type=product&#038;p=3808"},"modified":"2025-12-11T12:46:27","modified_gmt":"2025-12-11T11:46:27","slug":"exact-klappwuerfel-diamant-70x70x70-mm","status":"publish","type":"product","link":"https:\/\/e-xact.de\/en\/product\/exact-klappwuerfel-diamant-70x70x70-mm\/","title":{"rendered":"e!xact folding cube - diamond 7cm"},"content":{"rendered":"<p>Unser Diamant-Klappw\u00fcrfel besticht durch ein hochkar\u00e4tiges, facettenreiches Design. Auf den ersten Blick wirkt er wie ein klassischer Klappw\u00fcrfel \u2013 doch sobald man ihn in die Hand nimmt, verwandelt er sich in einen funkelnden Rohdiamanten mit bis zu 20 unterschiedlichen Facetten.<\/p>\n<p>Mit nur einer Handbewegung ver\u00e4ndert er seine Form und l\u00e4sst immer neue, beeindruckende Strukturen entstehen. Ein modernes, spielerisches Objekt, das Kreativit\u00e4t anregt und jeden Moment zu einem kleinen Aha-Erlebnis macht.<\/p>","protected":false},"excerpt":{"rendered":"<p>Unser Diamant-Klappw\u00fcrfel besticht durch ein hochkar\u00e4tiges, facettenreiches Design. Auf den ersten Blick wirkt er wie ein klassischer Klappw\u00fcrfel \u2013 doch sobald man ihn in die Hand nimmt, verwandelt er sich in einen funkelnden Rohdiamanten mit bis zu 20 unterschiedlichen Facetten. Mit nur einer Handbewegung ver\u00e4ndert er seine Form und l\u00e4sst immer neue, beeindruckende Strukturen entstehen. [&hellip;]<\/p>\n","protected":false},"featured_media":25095283,"template":"","meta":{"_et_pb_use_builder":"","_et_pb_old_content":"","_et_gb_content_width":""},"product_brand":[],"product_cat":[207],"product_tag":[719,855,856,751,1386,750,737,725,1380,1379,1387,1388,650],"class_list":{"0":"post-3808","1":"product","2":"type-product","3":"status-publish","4":"has-post-thumbnail","6":"product_cat-wuerfelwelt","7":"product_tag-cube","8":"product_tag-diamant","9":"product_tag-diamond","10":"product_tag-faltwerk","11":"product_tag-faltwuerfel","12":"product_tag-klappwuerfel","13":"product_tag-kreativitaet","14":"product_tag-magic-cube","15":"product_tag-mitarbeiterschulung","16":"product_tag-produkteinfuehrung","17":"product_tag-produkterklaerung","18":"product_tag-story-telling","19":"product_tag-wuerfel","21":"first","22":"instock","23":"shipping-taxable","24":"product-type-simple"},"_links":{"self":[{"href":"https:\/\/e-xact.de\/en\/wp-json\/wp\/v2\/product\/3808","targetHints":{"allow":["GET"]}}],"collection":[{"href":"https:\/\/e-xact.de\/en\/wp-json\/wp\/v2\/product"}],"about":[{"href":"https:\/\/e-xact.de\/en\/wp-json\/wp\/v2\/types\/product"}],"wp:featuredmedia":[{"embeddable":true,"href":"https:\/\/e-xact.de\/en\/wp-json\/wp\/v2\/media\/25095283"}],"wp:attachment":[{"href":"https:\/\/e-xact.de\/en\/wp-json\/wp\/v2\/media?parent=3808"}],"wp:term":[{"taxonomy":"product_brand","embeddable":true,"href":"https:\/\/e-xact.de\/en\/wp-json\/wp\/v2\/product_brand?post=3808"},{"taxonomy":"product_cat","embeddable":true,"href":"https:\/\/e-xact.de\/en\/wp-json\/wp\/v2\/product_cat?post=3808"},{"taxonomy":"product_tag","embeddable":true,"href":"https:\/\/e-xact.de\/en\/wp-json\/wp\/v2\/product_tag?post=3808"}],"curies":[{"name":"wp","href":"https:\/\/api.w.org\/{rel}","templated":true}]}}