{"id":3561,"date":"2023-01-03T15:15:08","date_gmt":"2023-01-03T14:15:08","guid":{"rendered":"https:\/\/e-xact.de\/produkt\/exact-klappwuerfel-gross\/"},"modified":"2025-12-11T12:42:05","modified_gmt":"2025-12-11T11:42:05","slug":"exact-klappwuerfel-gross","status":"publish","type":"product","link":"https:\/\/e-xact.de\/en\/product\/exact-klappwuerfel-gross\/","title":{"rendered":"e!xact folding cube 7cm"},"content":{"rendered":"<p>The folding cube has 6 square outer pages and 3 large rectangular inner pages. You can also produce it as a calendar. The layout is then divided into 12 square areas. This cube is particularly suitable for advertising campaigns that require a lot of explanation. It offers plenty of space to display your product or service. Also available in recycled plastic!<\/p>","protected":false},"excerpt":{"rendered":"<p>Bei dem Klappw\u00fcrfel stehen Ihnen 6 quadratische Au\u00dfenseiten und 3 gro\u00dfe rechteckige Innenseiten zur Verf\u00fcgung. Sie k\u00f6nnen Ihn auch als Kalender produzieren. Das Layout wird dann auf 12 quadratischer Fl\u00e4chen aufgeteilt. Dieser W\u00fcrfel ist besonders geeignet f\u00fcr Werbekampagnen, die besonders erkl\u00e4rungsbed\u00fcrftig sind. Er bietet besonders viel Fl\u00e4che um ihr Produkt oder Ihre Dienstleistung darzustellen. Auch [&hellip;]<\/p>\n","protected":false},"featured_media":4586,"template":"","meta":{"_et_pb_use_builder":"","_et_pb_old_content":"","_et_gb_content_width":""},"product_brand":[],"product_cat":[207],"product_tag":[1398,719,751,547,750,733,737,732,725,1399,650],"class_list":{"0":"post-3561","1":"product","2":"type-product","3":"status-publish","4":"has-post-thumbnail","6":"product_cat-wuerfelwelt","7":"product_tag-broschuere","8":"product_tag-cube","9":"product_tag-faltwerk","10":"product_tag-kalender","11":"product_tag-klappwuerfel","12":"product_tag-komplex","13":"product_tag-kreativitaet","14":"product_tag-loesung","15":"product_tag-magic-cube","16":"product_tag-storybook","17":"product_tag-wuerfel","19":"first","20":"instock","21":"shipping-taxable","22":"product-type-simple"},"_links":{"self":[{"href":"https:\/\/e-xact.de\/en\/wp-json\/wp\/v2\/product\/3561","targetHints":{"allow":["GET"]}}],"collection":[{"href":"https:\/\/e-xact.de\/en\/wp-json\/wp\/v2\/product"}],"about":[{"href":"https:\/\/e-xact.de\/en\/wp-json\/wp\/v2\/types\/product"}],"wp:featuredmedia":[{"embeddable":true,"href":"https:\/\/e-xact.de\/en\/wp-json\/wp\/v2\/media\/4586"}],"wp:attachment":[{"href":"https:\/\/e-xact.de\/en\/wp-json\/wp\/v2\/media?parent=3561"}],"wp:term":[{"taxonomy":"product_brand","embeddable":true,"href":"https:\/\/e-xact.de\/en\/wp-json\/wp\/v2\/product_brand?post=3561"},{"taxonomy":"product_cat","embeddable":true,"href":"https:\/\/e-xact.de\/en\/wp-json\/wp\/v2\/product_cat?post=3561"},{"taxonomy":"product_tag","embeddable":true,"href":"https:\/\/e-xact.de\/en\/wp-json\/wp\/v2\/product_tag?post=3561"}],"curies":[{"name":"wp","href":"https:\/\/api.w.org\/{rel}","templated":true}]}}