{"id":3560,"date":"2023-01-03T14:30:07","date_gmt":"2023-01-03T13:30:07","guid":{"rendered":"https:\/\/e-xact.de\/produkt\/exact-zauberwuerfel-der-klassiker-4x4-60-mm\/"},"modified":"2025-12-11T12:30:25","modified_gmt":"2025-12-11T11:30:25","slug":"exact-zauberwuerfel-der-klassiker-4x4-60-mm","status":"publish","type":"product","link":"https:\/\/e-xact.de\/en\/product\/exact-zauberwuerfel-der-klassiker-4x4-60-mm\/","title":{"rendered":"e!xact Zauberw\u00fcrfel \u2013 4&#215;4 60 mm"},"content":{"rendered":"<p>Der 4&#215;4 Zauberw\u00fcrfel in der kompakten 60-mm-Gr\u00f6\u00dfe bietet die perfekte Kombination aus Herausforderung, Qualit\u00e4t und Handlichkeit. Im Vergleich zum klassischen 3&#215;3 verf\u00fcgt dieser W\u00fcrfel \u00fcber zus\u00e4tzliche Ebenen, die ihn deutlich anspruchsvoller und spannender machen \u2013 ideal f\u00fcr alle, die ihr K\u00f6nnen weiterentwickeln m\u00f6chten.<\/p>","protected":false},"excerpt":{"rendered":"<p>Der 4&#215;4 Zauberw\u00fcrfel in der kompakten 60-mm-Gr\u00f6\u00dfe bietet die perfekte Kombination aus Herausforderung, Qualit\u00e4t und Handlichkeit. Im Vergleich zum klassischen 3&#215;3 verf\u00fcgt dieser W\u00fcrfel \u00fcber zus\u00e4tzliche Ebenen, die ihn deutlich anspruchsvoller und spannender machen \u2013 ideal f\u00fcr alle, die ihr K\u00f6nnen weiterentwickeln m\u00f6chten.<\/p>","protected":false},"featured_media":4229,"template":"","meta":{"_et_pb_use_builder":"","_et_pb_old_content":"","_et_gb_content_width":""},"product_brand":[],"product_cat":[207],"product_tag":[719,726,567,568,734,733,737,732,725,730,635,724,721,720,722,736,656,735,650,723,718],"class_list":{"0":"post-3560","1":"product","2":"type-product","3":"status-publish","4":"has-post-thumbnail","6":"product_cat-wuerfelwelt","7":"product_tag-cube","8":"product_tag-drehwuerfel","9":"product_tag-geduld","10":"product_tag-geduldspiel","11":"product_tag-genie","12":"product_tag-komplex","13":"product_tag-kreativitaet","14":"product_tag-loesung","15":"product_tag-magic-cube","16":"product_tag-mathematik","17":"product_tag-puzzle","18":"product_tag-rubick","19":"product_tag-rubik","20":"product_tag-rubiks","21":"product_tag-rubix","22":"product_tag-schwer-loesbar","23":"product_tag-spielzeug","24":"product_tag-unloesbar","25":"product_tag-wuerfel","26":"product_tag-zauber","27":"product_tag-zauberwuerfel","29":"first","30":"instock","31":"shipping-taxable","32":"product-type-simple"},"_links":{"self":[{"href":"https:\/\/e-xact.de\/en\/wp-json\/wp\/v2\/product\/3560","targetHints":{"allow":["GET"]}}],"collection":[{"href":"https:\/\/e-xact.de\/en\/wp-json\/wp\/v2\/product"}],"about":[{"href":"https:\/\/e-xact.de\/en\/wp-json\/wp\/v2\/types\/product"}],"wp:featuredmedia":[{"embeddable":true,"href":"https:\/\/e-xact.de\/en\/wp-json\/wp\/v2\/media\/4229"}],"wp:attachment":[{"href":"https:\/\/e-xact.de\/en\/wp-json\/wp\/v2\/media?parent=3560"}],"wp:term":[{"taxonomy":"product_brand","embeddable":true,"href":"https:\/\/e-xact.de\/en\/wp-json\/wp\/v2\/product_brand?post=3560"},{"taxonomy":"product_cat","embeddable":true,"href":"https:\/\/e-xact.de\/en\/wp-json\/wp\/v2\/product_cat?post=3560"},{"taxonomy":"product_tag","embeddable":true,"href":"https:\/\/e-xact.de\/en\/wp-json\/wp\/v2\/product_tag?post=3560"}],"curies":[{"name":"wp","href":"https:\/\/api.w.org\/{rel}","templated":true}]}}