{"id":3525,"date":"2022-11-10T12:00:15","date_gmt":"2022-11-10T11:00:15","guid":{"rendered":"https:\/\/e-xact.de\/produkt\/mikrofaser-handysaeckchen\/"},"modified":"2025-12-04T13:42:15","modified_gmt":"2025-12-04T12:42:15","slug":"mikrofaser-handysaeckchen","status":"publish","type":"product","link":"https:\/\/e-xact.de\/en\/product\/mikrofaser-handysaeckchen\/","title":{"rendered":"Microfibre bag"},"content":{"rendered":"<p>The microfibre bag is available in any customised format and can be printed in photo quality. This promotional product is closed with a drawstring. It is used to store glasses, smartphones, digital cameras, MP3 players and mobile phones - which is why it is sometimes also called a mobile phone bag. It is of course also suitable for cleaning spectacle lenses, displays of all kinds and smooth surfaces. The microfibre bag is a daily companion and guarantees many customer contacts.<\/p>","protected":false},"excerpt":{"rendered":"<p>Das Mikrofasers\u00e4ckchen ist in jedem kundenindividuellem Format erh\u00e4ltlich und in Fotoqualit\u00e4t bedruckbar. Mit einem Zugband wird dieses Werbemittel geschlossen. Es dient zur Aufbewahrung von Brillen, Smartphone, Digitalkameras, MP3-Playern und Handys \u2013 deshalb manchmal auch Handys\u00e4ckchen genannt. Es ist nat\u00fcrlich auch zur Reinigung von Brillengl\u00e4sern, Displays aller Art und glatten Oberfl\u00e4chen geeignet. Das Mikrofasers\u00e4ckchen ist ein [&hellip;]<\/p>\n","protected":false},"featured_media":3524,"template":"","meta":{"_et_pb_use_builder":"","_et_pb_old_content":"","_et_gb_content_width":""},"product_brand":[],"product_cat":[208],"product_tag":[805,807,525,804,806,808],"class_list":{"0":"post-3525","1":"product","2":"type-product","3":"status-publish","4":"has-post-thumbnail","6":"product_cat-mikrofaserwelt","7":"product_tag-aufbewahrungsaeckchen","8":"product_tag-digitalkamera","9":"product_tag-handy","10":"product_tag-mikrofaser","11":"product_tag-saeckchen","12":"product_tag-tablet","14":"first","15":"instock","16":"shipping-taxable","17":"product-type-simple"},"_links":{"self":[{"href":"https:\/\/e-xact.de\/en\/wp-json\/wp\/v2\/product\/3525","targetHints":{"allow":["GET"]}}],"collection":[{"href":"https:\/\/e-xact.de\/en\/wp-json\/wp\/v2\/product"}],"about":[{"href":"https:\/\/e-xact.de\/en\/wp-json\/wp\/v2\/types\/product"}],"wp:featuredmedia":[{"embeddable":true,"href":"https:\/\/e-xact.de\/en\/wp-json\/wp\/v2\/media\/3524"}],"wp:attachment":[{"href":"https:\/\/e-xact.de\/en\/wp-json\/wp\/v2\/media?parent=3525"}],"wp:term":[{"taxonomy":"product_brand","embeddable":true,"href":"https:\/\/e-xact.de\/en\/wp-json\/wp\/v2\/product_brand?post=3525"},{"taxonomy":"product_cat","embeddable":true,"href":"https:\/\/e-xact.de\/en\/wp-json\/wp\/v2\/product_cat?post=3525"},{"taxonomy":"product_tag","embeddable":true,"href":"https:\/\/e-xact.de\/en\/wp-json\/wp\/v2\/product_tag?post=3525"}],"curies":[{"name":"wp","href":"https:\/\/api.w.org\/{rel}","templated":true}]}}