{"id":3519,"date":"2022-11-10T12:30:58","date_gmt":"2022-11-10T11:30:58","guid":{"rendered":"https:\/\/e-xact.de\/produkt\/mikrofasertuch\/"},"modified":"2025-12-04T13:59:42","modified_gmt":"2025-12-04T12:59:42","slug":"mikrofasertuch","status":"publish","type":"product","link":"https:\/\/e-xact.de\/en\/product\/mikrofasertuch\/","title":{"rendered":"Microfibre cloth \/ glasses cleaning cloth"},"content":{"rendered":"<p>The microfibre cloth is made of high-quality Korean material weighing 260g and is therefore a promotional gift for on the go, which can also be sent as a mailing at low postage costs. Ideal as a glasses cleaning cloth, mobile phone cleaning cloth, for jewellery, as an insert for laptops, cleaning cloth for computer displays, displays of all kinds and more. Available as promotional items in all formats and sizes. The microfibre cloth is digitally printed in photo quality. Optionally available with silicone dots on the back for an extra charge! These ensure a better grip during handling and on the desk as a mousepad or screensaver for the laptop. <\/p>","protected":false},"excerpt":{"rendered":"<p>Das Mikrofasertuch ist aus hochwertiger koreanischer Qualit\u00e4t mit TM260g und somit ein Werbegeschenk f\u00fcr unterwegs, welches auch ideal als Mailing portog\u00fcnstig verschickt werden kann. Ideal als Brillenputztuch, Handyputztuch, f\u00fcr Schmuck, als Einleger f\u00fcr den Laptop, Reinigungstuch f\u00fcr Computerdisplays, Displays aller Art und mehr. Als Werbeartikel in allen Formaten und Gr\u00f6\u00dfen m\u00f6glich. Das Mikrofasertuch wird digital [&hellip;]<\/p>\n","protected":false},"featured_media":3518,"template":"","meta":{"_et_pb_use_builder":"","_et_pb_old_content":"","_et_gb_content_width":""},"product_brand":[],"product_cat":[208],"product_tag":[790,791],"class_list":{"0":"post-3519","1":"product","2":"type-product","3":"status-publish","4":"has-post-thumbnail","6":"product_cat-mikrofaserwelt","7":"product_tag-brillenputztuch","8":"product_tag-mirkofaser","10":"first","11":"instock","12":"shipping-taxable","13":"product-type-simple"},"_links":{"self":[{"href":"https:\/\/e-xact.de\/en\/wp-json\/wp\/v2\/product\/3519","targetHints":{"allow":["GET"]}}],"collection":[{"href":"https:\/\/e-xact.de\/en\/wp-json\/wp\/v2\/product"}],"about":[{"href":"https:\/\/e-xact.de\/en\/wp-json\/wp\/v2\/types\/product"}],"wp:featuredmedia":[{"embeddable":true,"href":"https:\/\/e-xact.de\/en\/wp-json\/wp\/v2\/media\/3518"}],"wp:attachment":[{"href":"https:\/\/e-xact.de\/en\/wp-json\/wp\/v2\/media?parent=3519"}],"wp:term":[{"taxonomy":"product_brand","embeddable":true,"href":"https:\/\/e-xact.de\/en\/wp-json\/wp\/v2\/product_brand?post=3519"},{"taxonomy":"product_cat","embeddable":true,"href":"https:\/\/e-xact.de\/en\/wp-json\/wp\/v2\/product_cat?post=3519"},{"taxonomy":"product_tag","embeddable":true,"href":"https:\/\/e-xact.de\/en\/wp-json\/wp\/v2\/product_tag?post=3519"}],"curies":[{"name":"wp","href":"https:\/\/api.w.org\/{rel}","templated":true}]}}