{"id":3517,"date":"2022-11-10T11:35:53","date_gmt":"2022-11-10T10:35:53","guid":{"rendered":"https:\/\/e-xact.de\/produkt\/mikrofasertuch-doppelseitig\/"},"modified":"2022-11-10T11:33:53","modified_gmt":"2022-11-10T10:33:53","slug":"mikrofasertuch-doppelseitig","status":"publish","type":"product","link":"https:\/\/e-xact.de\/en\/product\/mikrofasertuch-doppelseitig\/","title":{"rendered":"Microfibre cloth double-sided"},"content":{"rendered":"<p>Cleaning cloth for tablets, smartphones, displays and smooth surfaces of all kinds. The double-sided microfibre cloth of this promotional gift has a microfibre surface on the front as an advertising space and a particularly soft microfibre surface on the back for streak-free cleaning. The seam on the outside connects both sides. Available as a promotional item in all formats and sizes and with dual use. This microfibre cloth is also available with a mini bag for on the go. In this case, the double-sided microfibre cloth is sewn into the bag. It can be stored there and taken out again as required. The front of this promotional item is printed all over using digital printing in photo quality.<\/p>","protected":false},"excerpt":{"rendered":"<p>Reinigungstuch f\u00fcr Tablets, Smartphones, Displays und glatte Fl\u00e4chen aller Art. Das doppelseitige Mikrofasertuch dieses Werbegeschenks hat auf der Vorderseite eine Mikrofaseroberfl\u00e4che als Werbefl\u00e4che und auf der R\u00fcckseite eine besonders weiche Mikrofaseroberfl\u00e4che zur Reinigung f\u00fcr streifenfreie Sicht. Die Naht an den Au\u00dfenseiten verbindet beide Seiten. Als Werbeartikel in allen Formaten und Gr\u00f6\u00dfen m\u00f6glich und mit Doppelnutzen. [&hellip;]<\/p>\n","protected":false},"featured_media":3516,"template":"","meta":{"_et_pb_use_builder":"","_et_pb_old_content":"","_et_gb_content_width":""},"product_brand":[],"product_cat":[208],"product_tag":[790,791,792],"class_list":{"0":"post-3517","1":"product","2":"type-product","3":"status-publish","4":"has-post-thumbnail","6":"product_cat-mikrofaserwelt","7":"product_tag-brillenputztuch","8":"product_tag-mirkofaser","9":"product_tag-putztuch","11":"first","12":"instock","13":"shipping-taxable","14":"product-type-simple"},"_links":{"self":[{"href":"https:\/\/e-xact.de\/en\/wp-json\/wp\/v2\/product\/3517","targetHints":{"allow":["GET"]}}],"collection":[{"href":"https:\/\/e-xact.de\/en\/wp-json\/wp\/v2\/product"}],"about":[{"href":"https:\/\/e-xact.de\/en\/wp-json\/wp\/v2\/types\/product"}],"wp:featuredmedia":[{"embeddable":true,"href":"https:\/\/e-xact.de\/en\/wp-json\/wp\/v2\/media\/3516"}],"wp:attachment":[{"href":"https:\/\/e-xact.de\/en\/wp-json\/wp\/v2\/media?parent=3517"}],"wp:term":[{"taxonomy":"product_brand","embeddable":true,"href":"https:\/\/e-xact.de\/en\/wp-json\/wp\/v2\/product_brand?post=3517"},{"taxonomy":"product_cat","embeddable":true,"href":"https:\/\/e-xact.de\/en\/wp-json\/wp\/v2\/product_cat?post=3517"},{"taxonomy":"product_tag","embeddable":true,"href":"https:\/\/e-xact.de\/en\/wp-json\/wp\/v2\/product_tag?post=3517"}],"curies":[{"name":"wp","href":"https:\/\/api.w.org\/{rel}","templated":true}]}}