{"id":3515,"date":"2022-11-10T12:40:48","date_gmt":"2022-11-10T11:40:48","guid":{"rendered":"https:\/\/e-xact.de\/produkt\/zaubersaeckchen\/"},"modified":"2025-12-04T13:37:31","modified_gmt":"2025-12-04T12:37:31","slug":"zaubersaeckchen","status":"publish","type":"product","link":"https:\/\/e-xact.de\/en\/product\/zaubersaeckchen\/","title":{"rendered":"Microfibre magic bag"},"content":{"rendered":"<p>The ideal companion for spectacle wearers and recreational athletes! The super-small microfibre magic bag incl. glasses cleaning cloth and snap hook is available in two sizes! Alternatively, the snap hook can also be replaced with a rubber plug for attaching to a smartphone or tablet. The glasses cleaning cloth is attached inside the magic bag and can be stored in the microfibre bag if required. You can then conjure up the glasses cleaning cloth again with a shaking motion. Also available with a neoprene bag.<\/p>","protected":false},"excerpt":{"rendered":"<p>Der ideale Wegbegleiter f\u00fcr Brillentr\u00e4ger und Freizeitsportler! Das superkleine Mikrofaser Zaubers\u00e4ckchen inkl. Brillenputztuch und Karabinerhaken ist in zwei Gr\u00f6\u00dfen erh\u00e4ltlich! Alternativ kann der Karabinerhaken auch durch einen Gummistecker zur Anbringung am Smartphone oder Tablet ausgetauscht werden. Das Brillenputztuch ist im Inneren des Zaubers\u00e4ckchens befestigt und l\u00e4sst sich bei Bedarf im Mikrofasers\u00e4ckchen verstauen. Das Brillenputztuch k\u00f6nnen [&hellip;]<\/p>\n","protected":false},"featured_media":3625,"template":"","meta":{"_et_pb_use_builder":"","_et_pb_old_content":"","_et_gb_content_width":""},"product_brand":[],"product_cat":[208],"product_tag":[790,1221,1222,1223,791,1220],"class_list":{"0":"post-3515","1":"product","2":"type-product","3":"status-publish","4":"has-post-thumbnail","6":"product_cat-mikrofaserwelt","7":"product_tag-brillenputztuch","8":"product_tag-camera-2","9":"product_tag-lens-2","10":"product_tag-mircofiber-2","11":"product_tag-mirkofaser","12":"product_tag-mobilphone-2","14":"first","15":"instock","16":"shipping-taxable","17":"product-type-simple"},"_links":{"self":[{"href":"https:\/\/e-xact.de\/en\/wp-json\/wp\/v2\/product\/3515","targetHints":{"allow":["GET"]}}],"collection":[{"href":"https:\/\/e-xact.de\/en\/wp-json\/wp\/v2\/product"}],"about":[{"href":"https:\/\/e-xact.de\/en\/wp-json\/wp\/v2\/types\/product"}],"wp:featuredmedia":[{"embeddable":true,"href":"https:\/\/e-xact.de\/en\/wp-json\/wp\/v2\/media\/3625"}],"wp:attachment":[{"href":"https:\/\/e-xact.de\/en\/wp-json\/wp\/v2\/media?parent=3515"}],"wp:term":[{"taxonomy":"product_brand","embeddable":true,"href":"https:\/\/e-xact.de\/en\/wp-json\/wp\/v2\/product_brand?post=3515"},{"taxonomy":"product_cat","embeddable":true,"href":"https:\/\/e-xact.de\/en\/wp-json\/wp\/v2\/product_cat?post=3515"},{"taxonomy":"product_tag","embeddable":true,"href":"https:\/\/e-xact.de\/en\/wp-json\/wp\/v2\/product_tag?post=3515"}],"curies":[{"name":"wp","href":"https:\/\/api.w.org\/{rel}","templated":true}]}}