{"id":3509,"date":"2022-11-10T11:22:27","date_gmt":"2022-11-10T10:22:27","guid":{"rendered":"https:\/\/e-xact.de\/produkt\/reinigungspad\/"},"modified":"2025-12-04T13:47:22","modified_gmt":"2025-12-04T12:47:22","slug":"reinigungspad","status":"publish","type":"product","link":"https:\/\/e-xact.de\/en\/product\/reinigungspad\/","title":{"rendered":"Microfibre cleaning pad"},"content":{"rendered":"<p>The front of the cleaning pad is made of microfibre. This can be individually printed in photo quality. You can determine the format and shape yourself. The reverse side can be attached to your mobile phone, smartphone or MP3 player. This promotional gift can be supplemented with a paper insert. This creates an additional advertising space. This promotional gift is ideal as a giveaway, e.g. at trade fairs and events. Thanks to its low weight, it is also ideal as a mailing booster.<\/p>","protected":false},"excerpt":{"rendered":"<p>Das Reinigungspad besteht auf der Vorderseite aus Mikrofaser. Dieses kann individuell in Fotoqualit\u00e4t bedruckt werden. Format und Form k\u00f6nnen Sie selbst bestimmen. Die R\u00fcckseite dient zur Anbringung an das Handy, Ihrem Smartphone oder Ihrem MP3 Player. Dieses Werbegeschenk kann mit einem Papiereinleger erg\u00e4nzt werden. Somit entsteht eine weitere Werbefl\u00e4che. Dieses Werbegeschenk eignet sich hervorragend als [&hellip;]<\/p>\n","protected":false},"featured_media":3508,"template":"","meta":{"_et_pb_use_builder":"","_et_pb_old_content":"","_et_gb_content_width":""},"product_brand":[],"product_cat":[208],"product_tag":[525,786,787],"class_list":{"0":"post-3509","1":"product","2":"type-product","3":"status-publish","4":"has-post-thumbnail","6":"product_cat-mikrofaserwelt","7":"product_tag-handy","8":"product_tag-linse","9":"product_tag-objektiv","11":"first","12":"instock","13":"shipping-taxable","14":"product-type-simple"},"_links":{"self":[{"href":"https:\/\/e-xact.de\/en\/wp-json\/wp\/v2\/product\/3509","targetHints":{"allow":["GET"]}}],"collection":[{"href":"https:\/\/e-xact.de\/en\/wp-json\/wp\/v2\/product"}],"about":[{"href":"https:\/\/e-xact.de\/en\/wp-json\/wp\/v2\/types\/product"}],"wp:featuredmedia":[{"embeddable":true,"href":"https:\/\/e-xact.de\/en\/wp-json\/wp\/v2\/media\/3508"}],"wp:attachment":[{"href":"https:\/\/e-xact.de\/en\/wp-json\/wp\/v2\/media?parent=3509"}],"wp:term":[{"taxonomy":"product_brand","embeddable":true,"href":"https:\/\/e-xact.de\/en\/wp-json\/wp\/v2\/product_brand?post=3509"},{"taxonomy":"product_cat","embeddable":true,"href":"https:\/\/e-xact.de\/en\/wp-json\/wp\/v2\/product_cat?post=3509"},{"taxonomy":"product_tag","embeddable":true,"href":"https:\/\/e-xact.de\/en\/wp-json\/wp\/v2\/product_tag?post=3509"}],"curies":[{"name":"wp","href":"https:\/\/api.w.org\/{rel}","templated":true}]}}