{"id":3507,"date":"2023-08-25T14:00:23","date_gmt":"2023-08-25T12:00:23","guid":{"rendered":"https:\/\/e-xact.de\/produkt\/reinigungskissen\/"},"modified":"2025-12-04T13:22:56","modified_gmt":"2025-12-04T12:22:56","slug":"reinigungskissen","status":"publish","type":"product","link":"https:\/\/e-xact.de\/en\/product\/reinigungskissen\/","title":{"rendered":"Microfibre cleaning pad"},"content":{"rendered":"<p>The cleaning pad as a promotional item serves as a wrist rest on the one hand and for cleaning displays of all kinds on the other. You can place this microfibre cushion in front of your mouse or keyboard to relieve the strain on your wrists and prevent fatigue and pain. Wrist rests support the wrists and make the transition between desk and input devices easier. The surface of this promotional gift is printed all over using digital printing in photo quality<\/p>","protected":false},"excerpt":{"rendered":"<p>Das Reinigungskissen als Werbemittel dient zum einen als Handgelenkauflage und zum anderen zur Reinigung von Displays aller Art. Sie k\u00f6nnen dieses Mikrofaserkissen vor Ihre Maus oder Tastatur legen, um die Handgelenke zu entlasten und so Erm\u00fcdung bzw. Schmerzen vorzubeugen. Handgelenkauflagen unterst\u00fctzen die Handgelenke und erleichtern den \u00dcbergang zwischen Tisch und Eingabeger\u00e4ten. Die Oberfl\u00e4che dieses Werbegeschenks [&hellip;]<\/p>\n","protected":false},"featured_media":3505,"template":"","meta":{"_et_pb_use_builder":"","_et_pb_old_content":"","_et_gb_content_width":""},"product_brand":[],"product_cat":[208],"product_tag":[784,522,531],"class_list":{"0":"post-3507","1":"product","2":"type-product","3":"status-publish","4":"has-post-thumbnail","6":"product_cat-mikrofaserwelt","7":"product_tag-handschoner","8":"product_tag-homeoffice","9":"product_tag-laptop","11":"first","12":"instock","13":"shipping-taxable","14":"product-type-simple"},"_links":{"self":[{"href":"https:\/\/e-xact.de\/en\/wp-json\/wp\/v2\/product\/3507","targetHints":{"allow":["GET"]}}],"collection":[{"href":"https:\/\/e-xact.de\/en\/wp-json\/wp\/v2\/product"}],"about":[{"href":"https:\/\/e-xact.de\/en\/wp-json\/wp\/v2\/types\/product"}],"wp:featuredmedia":[{"embeddable":true,"href":"https:\/\/e-xact.de\/en\/wp-json\/wp\/v2\/media\/3505"}],"wp:attachment":[{"href":"https:\/\/e-xact.de\/en\/wp-json\/wp\/v2\/media?parent=3507"}],"wp:term":[{"taxonomy":"product_brand","embeddable":true,"href":"https:\/\/e-xact.de\/en\/wp-json\/wp\/v2\/product_brand?post=3507"},{"taxonomy":"product_cat","embeddable":true,"href":"https:\/\/e-xact.de\/en\/wp-json\/wp\/v2\/product_cat?post=3507"},{"taxonomy":"product_tag","embeddable":true,"href":"https:\/\/e-xact.de\/en\/wp-json\/wp\/v2\/product_tag?post=3507"}],"curies":[{"name":"wp","href":"https:\/\/api.w.org\/{rel}","templated":true}]}}