{"id":3500,"date":"2022-11-10T11:50:07","date_gmt":"2022-11-10T10:50:07","guid":{"rendered":"https:\/\/e-xact.de\/produkt\/handystand-2\/"},"modified":"2025-12-04T13:44:14","modified_gmt":"2025-12-04T12:44:14","slug":"handystand-2","status":"publish","type":"product","link":"https:\/\/e-xact.de\/en\/product\/handystand-2\/","title":{"rendered":"Microfibre mobile phone stand"},"content":{"rendered":"<p>This stylish desk accessory is the ideal \u201ebeanbag\u201c for your smartphone, mobile phone, mini tablet or eBook reader. This promotional item has a dual use: Firstly, you can set up your devices to view pictures and videos, listen to music or read emails. Secondly, the base of this promotional item cleans displays of all kinds. The surface of this promotional gift is printed all over using digital printing in photo quality, allowing you to creatively and individually design your advertising message.  Our microfibre mobile phone stand is also available with a WLAN charger on request.standard base colours: grey (PMS429c), green (PMS367c), blue (PMS539c), pink (PMS213c)<\/p>","protected":false},"excerpt":{"rendered":"<p>Dieses stilvolle Schreibtisch-Accessoire ist der ideale \u201eSitzsack\u201c f\u00fcr Ihr Smartphone, Handy, Mini-Tablet oder eBookReader. Dieser Werbeartikel hat einen 2-fach Nutzen: Zum einen k\u00f6nnen Sie Ihre Ger\u00e4te aufstellen, um Bilder und Videos zu betrachten, Musik zu h\u00f6ren oder E-Mails zu lesen. Zum anderen reinigt der Boden dieses Werbemittels Displays jeder Art. Die Oberfl\u00e4che dieses Werbegeschenks wird [&hellip;]<\/p>\n","protected":false},"featured_media":3606,"template":"","meta":{"_et_pb_use_builder":"","_et_pb_old_content":"","_et_gb_content_width":""},"product_brand":[],"product_cat":[208],"product_tag":[536,804,619,1238,1237],"class_list":{"0":"post-3500","1":"product","2":"type-product","3":"status-publish","4":"has-post-thumbnail","6":"product_cat-mikrofaserwelt","7":"product_tag-handystand","8":"product_tag-mikrofaser","9":"product_tag-staender","10":"product_tag-stressball","11":"product_tag-tablett","13":"first","14":"instock","15":"shipping-taxable","16":"product-type-simple"},"_links":{"self":[{"href":"https:\/\/e-xact.de\/en\/wp-json\/wp\/v2\/product\/3500","targetHints":{"allow":["GET"]}}],"collection":[{"href":"https:\/\/e-xact.de\/en\/wp-json\/wp\/v2\/product"}],"about":[{"href":"https:\/\/e-xact.de\/en\/wp-json\/wp\/v2\/types\/product"}],"wp:featuredmedia":[{"embeddable":true,"href":"https:\/\/e-xact.de\/en\/wp-json\/wp\/v2\/media\/3606"}],"wp:attachment":[{"href":"https:\/\/e-xact.de\/en\/wp-json\/wp\/v2\/media?parent=3500"}],"wp:term":[{"taxonomy":"product_brand","embeddable":true,"href":"https:\/\/e-xact.de\/en\/wp-json\/wp\/v2\/product_brand?post=3500"},{"taxonomy":"product_cat","embeddable":true,"href":"https:\/\/e-xact.de\/en\/wp-json\/wp\/v2\/product_cat?post=3500"},{"taxonomy":"product_tag","embeddable":true,"href":"https:\/\/e-xact.de\/en\/wp-json\/wp\/v2\/product_tag?post=3500"}],"curies":[{"name":"wp","href":"https:\/\/api.w.org\/{rel}","templated":true}]}}