{"id":3492,"date":"2022-11-10T10:17:46","date_gmt":"2022-11-10T09:17:46","guid":{"rendered":"https:\/\/e-xact.de\/produkt\/exact-elastic-cube\/"},"modified":"2025-12-18T15:00:36","modified_gmt":"2025-12-18T14:00:36","slug":"exact-elastic-cube","status":"publish","type":"product","link":"https:\/\/e-xact.de\/en\/product\/exact-elastic-cube\/","title":{"rendered":"e!xact Elastic Cube"},"content":{"rendered":"<p>Der Elastic Cube ist ein flexibles und kreatives Konstruktionsspielzeug, das sich sowohl als Puzzle als auch als Stress-Reliever eignet. Durch seine einzigartigen Eigenschaften bietet er sowohl visuelle als auch haptische Erlebnisse. Urspr\u00fcnglich als eine Art &#8222;magischer W\u00fcrfel&#8220; gedacht, entfaltet der Elastic Cube beim Auseinanderziehen seine wahre Flexibilit\u00e4t und wird zu einer beweglichen Schlange, die mit einem elastischen Band zusammengehalten wird.<\/p>","protected":false},"excerpt":{"rendered":"<p>Der Elastic Cube ist ein flexibles und kreatives Konstruktionsspielzeug, das sich sowohl als Puzzle als auch als Stress-Reliever eignet. Durch seine einzigartigen Eigenschaften bietet er sowohl visuelle als auch haptische Erlebnisse. Urspr\u00fcnglich als eine Art &#8222;magischer W\u00fcrfel&#8220; gedacht, entfaltet der Elastic Cube beim Auseinanderziehen seine wahre Flexibilit\u00e4t und wird zu einer beweglichen Schlange, die mit [&hellip;]<\/p>\n","protected":false},"featured_media":4942,"template":"","meta":{"_et_pb_use_builder":"","_et_pb_old_content":"","_et_gb_content_width":""},"product_brand":[],"product_cat":[1301,207],"product_tag":[719,768,769,767,567,737,720,722,764,656,723,718],"class_list":{"0":"post-3492","1":"product","2":"type-product","3":"status-publish","4":"has-post-thumbnail","6":"product_cat-puzzlewelt","7":"product_cat-wuerfelwelt","8":"product_tag-cube","9":"product_tag-elastic-cube","10":"product_tag-elastic-wuerfel","11":"product_tag-elastik","12":"product_tag-geduld","13":"product_tag-kreativitaet","14":"product_tag-rubiks","15":"product_tag-rubix","16":"product_tag-schlange","17":"product_tag-spielzeug","18":"product_tag-zauber","19":"product_tag-zauberwuerfel","21":"first","22":"instock","23":"shipping-taxable","24":"product-type-simple"},"_links":{"self":[{"href":"https:\/\/e-xact.de\/en\/wp-json\/wp\/v2\/product\/3492","targetHints":{"allow":["GET"]}}],"collection":[{"href":"https:\/\/e-xact.de\/en\/wp-json\/wp\/v2\/product"}],"about":[{"href":"https:\/\/e-xact.de\/en\/wp-json\/wp\/v2\/types\/product"}],"wp:featuredmedia":[{"embeddable":true,"href":"https:\/\/e-xact.de\/en\/wp-json\/wp\/v2\/media\/4942"}],"wp:attachment":[{"href":"https:\/\/e-xact.de\/en\/wp-json\/wp\/v2\/media?parent=3492"}],"wp:term":[{"taxonomy":"product_brand","embeddable":true,"href":"https:\/\/e-xact.de\/en\/wp-json\/wp\/v2\/product_brand?post=3492"},{"taxonomy":"product_cat","embeddable":true,"href":"https:\/\/e-xact.de\/en\/wp-json\/wp\/v2\/product_cat?post=3492"},{"taxonomy":"product_tag","embeddable":true,"href":"https:\/\/e-xact.de\/en\/wp-json\/wp\/v2\/product_tag?post=3492"}],"curies":[{"name":"wp","href":"https:\/\/api.w.org\/{rel}","templated":true}]}}